{"id":119,"date":"2024-02-10T11:51:27","date_gmt":"2024-02-10T14:51:27","guid":{"rendered":"https:\/\/picciblog.com.br\/?page_id=119"},"modified":"2025-02-23T23:34:35","modified_gmt":"2025-02-24T02:34:35","slug":"a-morte-de-tiao-2","status":"publish","type":"page","link":"https:\/\/picciblog.com.br\/index.php\/a-morte-de-tiao-2\/","title":{"rendered":"A MORTE DE TI\u00c3O"},"content":{"rendered":"\n<p><\/p>\n\n\n\n<p><strong><em>Conto Francisco Piccirilo<\/em><\/strong><\/p>\n\n\n\n<p>&#8212;-O Ti\u00e3o morreu, foi logo dizendo o diabo do Z\u00e9 Seco.<\/p>\n\n\n\n<p>&#8212;&#8211;Morreu o Ti\u00e3o! respondi com ara espantada.<\/p>\n\n\n\n<p>&#8212;&#8211;\u00c9 seu Jo\u00e3o, continuou o informante, agora ter\u00e1 de tomar muito cuidado, porque ele prometeu que depois de morto, viria perseguir voc\u00ea, sua fam\u00edlia e toda a gera\u00e7\u00e3o. E balan\u00e7ando mostrou se preocupado com meu destino.<\/p>\n\n\n\n<p>Pensando bem, Z\u00e9 Seco tinha raz\u00e3o. Certo dia tive um atrito espiritual com o Sebasti\u00e3o. Tratava-se de coisas do outro mundo; de eternidade, enfim, assuntos ligados com o al\u00e9m.<\/p>\n\n\n\n<p>Essa quest\u00e3o, sempre foi e continua sendo motivo de discuss\u00f5es, hip\u00f3teses, d\u00favidas, incertezas e uma infinidade de sin\u00f4nimos, e podemos conjeturar, por\u00e9m, afirmar com seguran\u00e7a, s\u00f3 mesmo depois de morto e isso para cada indiv\u00edduo, pois aquele que morre, jamais volta para provar a outra exist\u00eancia,&nbsp;isto&nbsp;\u00e9,&nbsp;c\u00e9u, inferno e purgat\u00f3rio. E a conversa s\u00e9ria que tive com o Sebasti\u00e3o foi sobre esse misterioso problema al\u00e9m-t\u00famulo.<\/p>\n\n\n\n<p>Durante a violenta discuss\u00e3o, Z\u00e9 Seco foi testemunha, entretanto, uma velha amizade transformou-se numa inimizade e nunca mais pude reconciliar com o saudoso Ti\u00e3o. No calor da briga, o Z\u00e9 ficou entre a cruz e a espada; amigo dele e meu tamb\u00e9m cria porque ouvia falar, mas n\u00e3o entendia patavina alguma; ficou, embora n\u00e3o demonstrasse, desejoso que o Ti\u00e3o morresse, para ver se de fato, a alma dele vinha me atormentar.<\/p>\n\n\n\n<p>Embora seja natural aos descrentes afirmarem que n\u00e3o creem, alguma coisa fica no subconsciente, isto \u00e9, qualquer coisinha do outro mundo permanece no \u00edntimo das pessoas e era justamente isso que Z\u00e9 Seco queria ver para acabar com suas d\u00favidas. Uma mudan\u00e7a haveria de alterar meu sistema de n\u00e3o crer.<\/p>\n\n\n\n<p>Ap\u00f3s a not\u00edcia f\u00fanebre, passei o dia todo pensativo. N\u00e3o sei ao certo se devido a morte, ou com o desenlace, sua alma passaria a perseguir-me. Fui ao enterro, despedi-me dos restos mortais jogando os tr\u00eas punhadinhos de terra; regressei calado e n\u00e3o comentei nada com ningu\u00e9m, nem mesmo com o insepar\u00e1vel&nbsp;amigo&nbsp;Z\u00e9 Seco. A not\u00edcia chocou-me profundamente. Uma preocupa\u00e7\u00e3o invadira minha mente. Ele havia falecido sem que tiv\u00e9ssemos reconciliado de uma. discuss\u00e3o sem import\u00e2ncia; a exist\u00eancia do outro mundo.<\/p>\n\n\n\n<p>A morte \u00e9 inexor\u00e1vel e n\u00e3o perdoa ningu\u00e9m, creiamos ou n\u00e3o na outra vida, ali\u00e1s, segundo Jesus Cristo, morrer \u00e9 viver para a eternidade. E foi justamente esse problema o motivo da in\u00fatil discuss\u00e3o que tivemos.<\/p>\n\n\n\n<p>Por algum tempo fiquei um pouco taciturno. N\u00e3o era medo, mas sim, quest\u00e3o sentimentalista. Preocupa meu pensamento da briga e a inimizade que ficara para sempre. Por mim n\u00e3o haveria nada. O fato de crer ou n\u00e3o, em nada modificava o andamento da natureza. Poderia continuar descrendo, enquanto ele continuaria crendo. Por\u00e9m, meu amigo n\u00e3o pensava assim; ou oito, ou oitenta. Preferiu romper a amizade e num \u00edmpeto de viol\u00eancia, prometeu depois de morto, voltar a terra e mostrar que a alma era eterna.<\/p>\n\n\n\n<p>&#8212;Pois bem, seu Jo\u00e3o, voc\u00ea n\u00e3o acredita na exist\u00eancia da alma; n\u00e3o acredita na ressurei\u00e7\u00e3o; n\u00e3o quer acreditar mesmo. De hoje em diante, n\u00e3o seremos mais amigos, e quando morrer, vieei puxar suas pernas&nbsp;de&nbsp;seus&nbsp;descendentes.<\/p>\n\n\n\n<p>Meus parentes nada tinham a ver com minha descren\u00e7a. Quando a amizade, sabia do g\u00eanio dele, por isso ficamos inimigos, n\u00e3o por mim, mas por ele.<\/p>\n\n\n\n<p>Passados alguns anos, nem mais me lembrava do falecido Ti\u00e3o. No entanto, certa noite de uma sexta feira, em dado momento acordei horrorizado, tive a impress\u00e3o de ouvir uma gargalhada sarc\u00e1stica em meu quarto. Vi um vulto ao p\u00e9 da minha cama; quis gritar, mas a voz n\u00e3o sa\u00eda; uma coisa sufocava a garganta e ouvi nova gargalhada cadav\u00e9rica. Acendi a luz e o dito do estranho desapareceu.<\/p>\n\n\n\n<p>Durante o resto daquela noite n\u00e3o mais dormi. De manha fui a igreja e mandei rezar uma missa pelo descanso eterno de meu velho amigo Sebastiao Vilas Reis, vulgo Ti\u00e3o. <\/p>\n\n\n\n<p class=\"has-text-align-right\">Limeira, maio de 1967<\/p>\n\n\n\n<div class=\"wp-block-comments\"><h2 id=\"comments\" class=\"wp-block-comments-title\">2 responses to &#8220;A MORTE DE TI\u00c3O&#8221;<\/h2>\n\n<ol class=\"wp-block-comment-template\"><li id=\"comment-12\" class=\"comment even thread-even depth-1\">\n\n<div class=\"wp-block-columns is-layout-flex wp-container-core-columns-is-layout-9d6595d7 wp-block-columns-is-layout-flex\">\n<div class=\"wp-block-column is-layout-flow wp-block-column-is-layout-flow\" style=\"flex-basis:40px\"><div class=\"wp-block-avatar\"><img alt='Maria Terezinha Coghi Borges Avatar' src='https:\/\/secure.gravatar.com\/avatar\/54907cd68c5827869107c65fd2d2fd9dc3fa4ce34ff36ffdaa05d317a995a5a7?s=40&#038;d=mm&#038;r=g' srcset='https:\/\/secure.gravatar.com\/avatar\/54907cd68c5827869107c65fd2d2fd9dc3fa4ce34ff36ffdaa05d317a995a5a7?s=80&#038;d=mm&#038;r=g 2x' class='avatar avatar-40 photo wp-block-avatar__image' height='40' width='40'  style=\"border-radius:20px;\"\/><\/div><\/div>\n\n\n\n<div class=\"wp-block-column is-layout-flow wp-block-column-is-layout-flow\"><div class=\"wp-block-comment-author-name has-small-font-size\">Maria Terezinha Coghi Borges<\/div>\n\n\n<div class=\"wp-block-group is-layout-flex wp-block-group-is-layout-flex\" style=\"margin-top:0px;margin-bottom:0px\"><div class=\"wp-block-comment-date has-small-font-size\"><time datetime=\"2025-02-11T19:49:09-03:00\"><a href=\"https:\/\/picciblog.com.br\/index.php\/a-morte-de-tiao-2\/#comment-12\">11 de February de 2025<\/a><\/time><\/div>\n\n<\/div>\n\n\n<div class=\"wp-block-comment-content\"><p>Adorei.<\/p>\n<\/div>\n\n<div class=\"wp-block-comment-reply-link has-small-font-size\"><a rel=\"nofollow\" class=\"comment-reply-link\" href=\"#comment-12\" data-commentid=\"12\" data-postid=\"119\" data-belowelement=\"comment-12\" data-respondelement=\"respond\" data-replyto=\"Reply to Maria Terezinha Coghi Borges\" aria-label=\"Reply to Maria Terezinha Coghi Borges\">Reply<\/a><\/div><\/div>\n<\/div>\n\n<\/li><li id=\"comment-25\" class=\"comment odd alt thread-odd thread-alt depth-1\">\n\n<div class=\"wp-block-columns is-layout-flex wp-container-core-columns-is-layout-9d6595d7 wp-block-columns-is-layout-flex\">\n<div class=\"wp-block-column is-layout-flow wp-block-column-is-layout-flow\" style=\"flex-basis:40px\"><div class=\"wp-block-avatar\"><img alt='Leni T Almeida Leit\u00e3o Avatar' src='https:\/\/secure.gravatar.com\/avatar\/62162eb91f368295361871212bc63c297cee4064943e5bc9c094c40f2b162b1e?s=40&#038;d=mm&#038;r=g' srcset='https:\/\/secure.gravatar.com\/avatar\/62162eb91f368295361871212bc63c297cee4064943e5bc9c094c40f2b162b1e?s=80&#038;d=mm&#038;r=g 2x' class='avatar avatar-40 photo wp-block-avatar__image' height='40' width='40'  style=\"border-radius:20px;\"\/><\/div><\/div>\n\n\n\n<div class=\"wp-block-column is-layout-flow wp-block-column-is-layout-flow\"><div class=\"wp-block-comment-author-name has-small-font-size\">Leni T Almeida Leit\u00e3o<\/div>\n\n\n<div class=\"wp-block-group is-layout-flex wp-block-group-is-layout-flex\" style=\"margin-top:0px;margin-bottom:0px\"><div class=\"wp-block-comment-date has-small-font-size\"><time datetime=\"2026-03-10T12:53:36-03:00\"><a href=\"https:\/\/picciblog.com.br\/index.php\/a-morte-de-tiao-2\/#comment-25\">10 de March de 2026<\/a><\/time><\/div>\n\n<\/div>\n\n\n<div class=\"wp-block-comment-content\"><p>Muito bom. Uma diversidade de termos, uma criatividade tornaram o conto interessante.  Parab\u00e9ns<\/p>\n<\/div>\n\n<div class=\"wp-block-comment-reply-link has-small-font-size\"><a rel=\"nofollow\" class=\"comment-reply-link\" href=\"#comment-25\" data-commentid=\"25\" data-postid=\"119\" data-belowelement=\"comment-25\" data-respondelement=\"respond\" data-replyto=\"Reply to Leni T Almeida Leit\u00e3o\" aria-label=\"Reply to Leni T Almeida Leit\u00e3o\">Reply<\/a><\/div><\/div>\n<\/div>\n\n<\/li><\/ol>\n\n\n\n\t<div id=\"respond\" class=\"comment-respond wp-block-post-comments-form\">\n\t\t<h3 id=\"reply-title\" class=\"comment-reply-title\">Leave a Reply <small><a rel=\"nofollow\" id=\"cancel-comment-reply-link\" href=\"\/index.php\/wp-json\/wp\/v2\/pages\/119#respond\" style=\"display:none;\">Cancel reply<\/a><\/small><\/h3><form action=\"https:\/\/picciblog.com.br\/wp-comments-post.php\" method=\"post\" id=\"commentform\" class=\"comment-form\"><p class=\"comment-notes\"><span id=\"email-notes\">Your email address will not be published.<\/span> <span class=\"required-field-message\">Required fields are marked <span class=\"required\">*<\/span><\/span><\/p><p class=\"comment-form-comment\"><label for=\"comment\">Comment <span class=\"required\">*<\/span><\/label> <textarea id=\"comment\" name=\"comment\" cols=\"45\" rows=\"8\" maxlength=\"65525\" required=\"required\"><\/textarea><\/p><p class=\"comment-form-author\"><label for=\"author\">Name <span class=\"required\">*<\/span><\/label> <input id=\"author\" name=\"author\" type=\"text\" value=\"\" size=\"30\" maxlength=\"245\" autocomplete=\"name\" required=\"required\" \/><\/p>\n<p class=\"comment-form-email\"><label for=\"email\">Email <span class=\"required\">*<\/span><\/label> <input id=\"email\" name=\"email\" type=\"text\" value=\"\" size=\"30\" maxlength=\"100\" aria-describedby=\"email-notes\" autocomplete=\"email\" required=\"required\" \/><\/p>\n<p class=\"comment-form-url\"><label for=\"url\">Website<\/label> <input id=\"url\" name=\"url\" type=\"text\" value=\"\" size=\"30\" maxlength=\"200\" autocomplete=\"url\" \/><\/p>\n<p class=\"comment-form-cookies-consent\"><input id=\"wp-comment-cookies-consent\" name=\"wp-comment-cookies-consent\" type=\"checkbox\" value=\"yes\" \/> <label for=\"wp-comment-cookies-consent\">Save my name, email, and website in this browser for the next time I comment.<\/label><\/p>\n<p class=\"form-submit\"><input name=\"submit\" type=\"submit\" id=\"submit\" class=\"submit\" value=\"Post Comment\" \/> <input type='hidden' name='comment_post_ID' value='119' id='comment_post_ID' \/>\n<input type='hidden' name='comment_parent' id='comment_parent' value='0' \/>\n<\/p><\/form>\t<\/div><!-- #respond -->\n\t<\/div>\n","protected":false},"excerpt":{"rendered":"<p>Conto Francisco Piccirilo &#8212;-O Ti\u00e3o morreu, foi logo dizendo o diabo do Z\u00e9 Seco. &#8212;&#8211;Morreu o Ti\u00e3o! respondi com ara espantada. &#8212;&#8211;\u00c9 seu Jo\u00e3o, continuou o informante, agora ter\u00e1 de tomar muito cuidado, porque ele prometeu que depois de morto, viria perseguir voc\u00ea, sua fam\u00edlia e toda a gera\u00e7\u00e3o. E balan\u00e7ando mostrou se preocupado com [&hellip;]<\/p>\n","protected":false},"author":1,"featured_media":0,"parent":0,"menu_order":0,"comment_status":"open","ping_status":"closed","template":"","meta":{"saved_in_kubio":true,"om_disable_all_campaigns":false,"_monsterinsights_skip_tracking":false,"_monsterinsights_sitenote_active":false,"_monsterinsights_sitenote_note":"","_monsterinsights_sitenote_category":0,"_uf_show_specific_survey":0,"_uf_disable_surveys":false,"footnotes":""},"class_list":["post-119","page","type-page","status-publish","hentry"],"aioseo_notices":[],"kubio_ai_page_context":{"short_desc":"","purpose":"general"},"_links":{"self":[{"href":"https:\/\/picciblog.com.br\/index.php\/wp-json\/wp\/v2\/pages\/119","targetHints":{"allow":["GET"]}}],"collection":[{"href":"https:\/\/picciblog.com.br\/index.php\/wp-json\/wp\/v2\/pages"}],"about":[{"href":"https:\/\/picciblog.com.br\/index.php\/wp-json\/wp\/v2\/types\/page"}],"author":[{"embeddable":true,"href":"https:\/\/picciblog.com.br\/index.php\/wp-json\/wp\/v2\/users\/1"}],"replies":[{"embeddable":true,"href":"https:\/\/picciblog.com.br\/index.php\/wp-json\/wp\/v2\/comments?post=119"}],"version-history":[{"count":5,"href":"https:\/\/picciblog.com.br\/index.php\/wp-json\/wp\/v2\/pages\/119\/revisions"}],"predecessor-version":[{"id":384,"href":"https:\/\/picciblog.com.br\/index.php\/wp-json\/wp\/v2\/pages\/119\/revisions\/384"}],"wp:attachment":[{"href":"https:\/\/picciblog.com.br\/index.php\/wp-json\/wp\/v2\/media?parent=119"}],"curies":[{"name":"wp","href":"https:\/\/api.w.org\/{rel}","templated":true}]}}