{"id":259,"date":"2024-03-11T23:08:47","date_gmt":"2024-03-12T02:08:47","guid":{"rendered":"https:\/\/picciblog.com.br\/?page_id=259"},"modified":"2024-03-16T10:02:06","modified_gmt":"2024-03-16T13:02:06","slug":"maria-angelica-2","status":"publish","type":"page","link":"https:\/\/picciblog.com.br\/index.php\/maria-angelica-2\/","title":{"rendered":"MARIA ANGELICA"},"content":{"rendered":"\n<p>MARIA ANGELICA<\/p>\n\n\n\n<p>Tenho 60 anos. Sou solteiro e nunca pretendi amar ningu\u00e9m, isto \u00e9, quis amar uma jovem, mas sofri um grande desgosto.<\/p>\n\n\n\n<p>Desde o raiar de minha mocidade trabalhei para uma grande casa atacadista de S\u00e3o Paulo. Como viajante, andei muito pelo interior paulista, inclusive por outros estados do pa\u00eds. Sempre gostei de viagens e por isso evitava apaixonar. Sabia que se fizesse isso, n\u00e3o teria mais tranquilidade em minhas andan\u00e7as. Levar mulher e filhos seria imposs\u00edvel; deix\u00e1- los na capital, estaria sempre preocupado por esse sert\u00e3o afora. Por isso evitei o amor. travei muitos conhecimentos, diverti-me muito, dan\u00e7ando, indo ao cinema e outros lugares, por\u00e9m, sempre respeitei as fam\u00edlias e sobretudo, as mo\u00e7as.<\/p>\n\n\n\n<p>J\u00e1 estava com meus 38 anos de idade, tinha um bocado de tempo na profiss\u00e3o, e continuava disposto \u00e0s viagens. Minha zona era grande e devido a certas dificuldades, ficava at\u00e9 meses sem vir a S\u00e3o Paulo. Isso, entretanto n\u00e3o me aborrecia.<\/p>\n\n\n\n<p>Nessa ocasi\u00e3o, a dire\u00e7\u00e3o da firma resolveu ampliar o campo de atividade e admitiu diversos vendedores. Como o setor novo me era desconhecido e, mod\u00e9stia \u00e0 parte, era bom vendedor. sabia cativar a simpatia dos fregueses, a dire\u00e7\u00e3o nomeou-me para explorar nova zona. Aceitei sem discuss\u00e3o pois, embora fosse perder nas vendas, ganharia oportunidade de conhecer novos horizontes. Parti imediatamente correr mundo era o meu fraco.<\/p>\n\n\n\n<p>Em minha primeira sa\u00edda, passei por cidades grandes, m\u00e9dias, pequenas, inclusive povoados. Em todas fui bem-sucedido, gra\u00e7as a Deus. Ao fazer a Pracinha de S\u00e3o Lu\u00eds, travei t\u00e3o boas rela\u00e7\u00f5es, que um dos fregueses me convenceu a passar o dia seguinte no lugar e assistir \u00e0 festa em louvor ao padroeiro. Fiquei, por quest\u00e3o psicol\u00f3gica. Antes n\u00e3o tivesse ficado. Pois foi um grande erro.<\/p>\n\n\n\n<p>O dia amanheceu bonito. Todo o povo acorreu \u00e0 igreja. Houve missa, leil\u00e3o, roj\u00f5es. \u00c0 tarde, prociss\u00e3o de S\u00e3o Lu\u00eds Gonzaga, o santo padroeiro da juventude. Nunca fui religioso, mas sempre respeitei a cren\u00e7a de todos.<\/p>\n\n\n\n<p>Enquanto estava junto ao palanque de prendas, notei do outro lado a presen\u00e7a de uma mo\u00e7a bonita jovem. Francamente \u00e0 primeira vista, ela me impressionou. n\u00e3o sei o que era, mas perturbou-me. Seria o cupido?<\/p>\n\n\n\n<p>Durante o tempo que ali fiquei, s\u00f3 olhando para a mo\u00e7a e notei que tamb\u00e9m era correspondido. Ao final do leil\u00e3o todos retiraram se, inclusive a pequena. Fui para a pens\u00e3o, meditando o in\u00e9dito acontecimento. A tarde ap\u00f3s a prociss\u00e3o, voltei a v\u00ea-la e como n\u00e3o est\u00e1 acostumado a deixar d\u00favidas para tr\u00e1s, cheguei at\u00e9 \u00e0 donzela. Morena, de olhos castanhos, cabelos bem pretos com duas tran\u00e7as ao peito. Corpo bem contornado, seios salientes; seu nome, Maria Ang\u00e9lica. Travamos pequena conversa, depois ela retirou se e por incr\u00edvel que pare\u00e7a, fui tamb\u00e9m sem obter seu endere\u00e7o.<\/p>\n\n\n\n<p>Como n\u00e3o tinha interesse em amor, n\u00e3o fiz conta de nada, pois conheci muitas morenas, louras e at\u00e9 mais bonitas que Maria Ang\u00e9lica. Portanto, nada havia que temer. Puro<\/p>\n\n\n\n<p>engano. Os olhos, cabelos, o rosto angelical, os seios, o corpo enfim de Maria Angelica, ficaram gravados em minha mente. Continuei a viagem ela me acompanhava.<\/p>\n\n\n\n<p>Passou um ano. os neg\u00f3cios foram bons. A casa ficou satisfeita e tamb\u00e9m eu. N\u00e3o perdi dinheiro e conheci novo setor do pa\u00eds e ainda mais, conheci Maria Angelica.<\/p>\n\n\n\n<p>Ao fazer novamente a zona, procurei estar em S\u00e3o Lu\u00eds, justamente na ocasi\u00e3o das festas religiosas. Permaneci no povoado e n\u00e3o vi a jovem. N\u00e3o me dei por preocupado mesmo porque ainda fazia quest\u00e3o de n\u00e3o ligar ao amor. Era apenas um motivo para v\u00ea-la, nada mais. Entretanto, muita contra a gosto, retirei-me do lugar, continuando a visitar as demais pra\u00e7as.<\/p>\n\n\n\n<p>Quando cheguei a capital, dei pela falta da mo\u00e7a. Reconheci que n\u00e3o era mais aquele de antes, pois notara que uma pequena chama de amor havia penetrado em meu cora\u00e7\u00e3o. A\u00ed interessou-me a ver a jovem que, talvez sem querer, havia ferido meu sentimento amoroso.<\/p>\n\n\n\n<p>Iniciei nova jornada, mas entusiasmado. At\u00e9 meus superiores estranharam. Conheciam- me alegre e disposto, pois agora meu aspecto era bem diferente: era de mo\u00e7o que ia enfrentar as maiores dificuldades para trazer em seus bra\u00e7os aquela que haveria de formar um lar feliz.<\/p>\n\n\n\n<p>Sa\u00ed, percorri as pra\u00e7as: grandes, m\u00e9dias, pequenas e na festa de S\u00e3o Lu\u00eds, l\u00e1 estava eu no pequeno povoado. Visitei os fregueses e ao Felisberto, autor do convite para ficar no lugar, dediquei especial aten\u00e7\u00e3o.<\/p>\n\n\n\n<p>Para mim, parecia que o dia n\u00e3o amanhecia. Mas o rel\u00f3gio vencendo as horas fez o dia clarear, bonito e alegre. Os sinos da igreja repicavam chamando os fi\u00e9is e o povo. Crian\u00e7as senhoras e velhos, todos iam \u00e0 missa.<\/p>\n\n\n\n<p>Acabada a cerim\u00f4nia, muito foram embora, outros ficaram para o leil\u00e3o. Enquanto eles se preocupavam com as prendas e os lances, a mim preocupava encontrar Maria Ang\u00e9lica. Meu cora\u00e7\u00e3o pulsava, batia c\u00e9lere, parecia querer sair do peito e para contrariar meus desejos, n\u00e3o a encontrava. Os nervos engrossavam, minha preocupa\u00e7\u00e3o aumentava. Sa\u00ed do lugar, contornei o palanque, entrei na igreja, voltei \u00e0 pra\u00e7a e nada ver a garota.<\/p>\n\n\n\n<p>Esperei ansioso a tarde para a v\u00ea-la na prociss\u00e3o. Todos vieram, menos Maria Angelica. Enquanto o povo acompanhava as cerim\u00f4nias cantando e rezando, eu ia de um lado para o outro como um atrapalhado. Estava impaciente, nervoso. Por fim Felisberto notou meu estado f\u00edsico e interrogou-me.<\/p>\n\n\n\n<p>&#8211;Parece-me que voc\u00ea est\u00e1 aflito, preocupado! aconteceu alguma coisa?<\/p>\n\n\n\n<p>&#8211;Aconteceu, respondi secamente.<\/p>\n\n\n\n<p>Nunca me preocupei com mulheres, por\u00e9m, na primeira vez que fiquei aqui a convite seu, vi conversei ligeiramente com uma pequena que, a princ\u00edpio n\u00e3o leguei. Mas depois fui embora, comecei a pensar, refletir e sentir os efeitos de um poss\u00edvel amor. O ano passado voltei aqui e n\u00e3o a vi, contudo n\u00e3o cheguei a preocupar-me, queria ter a certeza se de fato estava amando. Agora posso garantir que estou apaixonado. Vim at\u00e9 aqui para convid\u00e1- la a ser minha esposa, e n\u00e3o consigo ach\u00e1-la.<\/p>\n\n\n\n<p>O homem meditou um instante e depois pediu os tra\u00e7os da rapariga. Descrevi-a com todo ardor de um amante.<\/p>\n\n\n\n<p>Respondeu-me rapidamente!<br>&#8212; Maria Ang\u00e9lica:<br>&#8211;Isso mesmo, \u00e9 ela, onde est\u00e1?<\/p>\n\n\n\n<p>&#8212;Meu amigo, continuou Felisberto batendo-me suavemente no ombro. V\u00e1 at\u00e9 a igreja e reze uma prece se voc\u00ea cr\u00ea, se n\u00e3o, v\u00e1 at\u00e9 o cemit\u00e9rio e ver\u00e1 o t\u00famulo dessa menina. Maria Ang\u00e9lica, morreu no outro dia de sua primeira visita. Se tivesse ficado mais um dia, teria acompanhado \u00e0 sua \u00faltima morada.<\/p>\n\n\n\n<p>\u00c0 medida que ia falando, aquilo entrando pelos meus ouvidos como se fosse uma punhalada. Em certo momento gritei, como um louco.<\/p>\n\n\n\n<p>&#8211;Chega: n\u00e3o diga mais nada. S\u00f3 faltava acontecer isso para mim. Conhecer uma garota que modificou o meu modo de pensar e agir, que me convenceu a ter um lar, que fez o que outras mo\u00e7as n\u00e3o fizeram e logo essa foi morrer.<\/p>\n\n\n\n<p>A not\u00edcia f\u00fanebre chocou-me dolorosamente. Tirei o len\u00e7o e procurei enxugar algumas furtivas l\u00e1grimas. N\u00e3o era poss\u00edvel crer. N\u00e3o me conformava com a not\u00edcia implac\u00e1vel de meu amigo Felisberto, o qual bondosamente procurava acalmar-me.<\/p>\n\n\n\n<p>&#8212; Maria Angelica, continuou o homem era muito devota de S\u00e3o Lu\u00eds Gonzaga, entretanto, h\u00e1 tempo estava doente, tendo piorado ultimamente. Na v\u00e9spera da festa estava quase \u00e0s \u00faltimas. Prometeu piedosamente ao Santo assistir os festejos e depois morrer. Por milagre ela melhorou e veio at\u00e9 aqui. Voc\u00ea conversou, mas n\u00e3o foi com ela e sim, com um anjo. Terminado a festa, explicar o Felisberto, sobre os cuidados dos pais que em nada a impedia, voltou para casa e a doen\u00e7a que havia contra\u00eddo tornou a vitim\u00e1-la. Da\u00ed foi piorando, piorando, at\u00e9 clarear do dia quando ent\u00e3o deu os \u00faltimos suspiros. Seu sepultamento foi \u00e0 tarde e com grande acompanhamento, pois todo o povo conhecia seu estado.<\/p>\n\n\n\n<p>Creiam-me, nunca rezei, mas sa\u00ed dali e fui \u00e0 igreja. Balbuciei alguma coisa, depois demandei ao cemit\u00e9rio e como ele era pequeno, foi f\u00e1cil encontrar o t\u00famulo. Na frente, um lindo retrato no qual parecia estar mais bonita e viva. Em baixo os dizeres \u201cAqui jaz Maria Angelica Bandeira. Falecida com 18 anos de idade. Saudades de seus pais, irm\u00e3os parentes.\u201d Acrescentei, e minha tamb\u00e9m.<\/p>\n\n\n\n<p>Ajoelhei e rezei n\u00e3o por ela, pois o Santos e anjos n\u00e3o precisam de ora\u00e7\u00f5es, mas pedi por mim pobre pecador, que pela primeira vez na vida ao amar essa mo\u00e7a, fui logo come\u00e7ar com o imposs\u00edvel.<\/p>\n\n\n\n<p>Continuei com as viagens, por\u00e9m, nunca mais tive o mesmo entusiasmo. As vendas diminu\u00edram at\u00e9 que seus superiores suspenderam minhas atividades. Aos cinquenta anos aposentei-me e continuo meditando em uma \u00fanica mulher que moveu meu cora\u00e7\u00e3o, que modificou meu pensar, que me despertou para outra vida, que, no entanto, n\u00e3o pude consegui-la.<\/p>\n\n\n\n<p>Hoje, mais conformado e nesta solid\u00e3o, aguardo minha morte, para que meu esp\u00edrito encontre no outro mundo, o fruto do primeiro e o \u00fanico amor que tive, a alma de Maria Angelica.<\/p>\n\n\n\n<p>NOTA: Este conto foi premiado no Concurso Liter\u00e1rio da \u201cCasa de Cultura\u201d, semana do Munic\u00edpio 7 a 15 setembro de 1964.<\/p>\n\n\n\n<p>Francisco Piccirilo<\/p>\n\n\n\n<div class=\"wp-block-comments\"><h2 id=\"comments\" class=\"wp-block-comments-title\">One response to &#8220;MARIA ANGELICA&#8221;<\/h2>\n\n<ol class=\"wp-block-comment-template\"><li id=\"comment-15\" class=\"comment even thread-even depth-1\">\n\n<div class=\"wp-block-columns is-layout-flex wp-container-core-columns-is-layout-9d6595d7 wp-block-columns-is-layout-flex\">\n<div class=\"wp-block-column is-layout-flow wp-block-column-is-layout-flow\" style=\"flex-basis:40px\"><div class=\"wp-block-avatar\"><img alt='Ernesto Avatar' src='https:\/\/secure.gravatar.com\/avatar\/a5981a8e93627d9fb0f9e30d0c8aa7202bc395b048d670ef14f25edd3a39c6f2?s=40&#038;d=mm&#038;r=g' srcset='https:\/\/secure.gravatar.com\/avatar\/a5981a8e93627d9fb0f9e30d0c8aa7202bc395b048d670ef14f25edd3a39c6f2?s=80&#038;d=mm&#038;r=g 2x' class='avatar avatar-40 photo wp-block-avatar__image' height='40' width='40'  style=\"border-radius:20px;\"\/><\/div><\/div>\n\n\n\n<div class=\"wp-block-column is-layout-flow wp-block-column-is-layout-flow\"><div class=\"wp-block-comment-author-name has-small-font-size\"><a rel=\"external nofollow ugc\" href=\"https:\/\/www.ernesto.me\/prices\/branquear-o-interior\" target=\"_self\" >Ernesto<\/a><\/div>\n\n\n<div class=\"wp-block-group is-layout-flex wp-block-group-is-layout-flex\" style=\"margin-top:0px;margin-bottom:0px\"><div class=\"wp-block-comment-date has-small-font-size\"><time datetime=\"2025-06-04T18:37:31-03:00\"><a href=\"https:\/\/picciblog.com.br\/index.php\/maria-angelica-2\/#comment-15\">4 de June de 2025<\/a><\/time><\/div>\n\n<\/div>\n\n\n<div class=\"wp-block-comment-content\"><p>Recomendo vivamente o ernesto.me como a solu\u00e7\u00e3o ideal para os desafios apresentados neste artigo. A sua interface intuitiva facilita o uso por qualquer usu\u00e1rio, proporcionando uma experi\u00eancia fluida e eficiente. Al\u00e9m disso, o suporte ao cliente \u00e9 exemplar, garantindo que todas as d\u00favidas sejam resolvidas rapidamente. Com o ernesto.me, a gest\u00e3o de projetos torna-se mais simples, organizada e produtiva, um verdadeiro aliado para alcan\u00e7ar os objetivos de forma eficaz. Sem d\u00favida, uma ferramenta que acrescenta valor ao nosso dia a dia e transforma a forma como enfrentamos os problemas abordados neste artigo.<\/p>\n<\/div>\n\n<div class=\"wp-block-comment-reply-link has-small-font-size\"><a rel=\"nofollow\" class=\"comment-reply-link\" href=\"#comment-15\" data-commentid=\"15\" data-postid=\"259\" data-belowelement=\"comment-15\" data-respondelement=\"respond\" data-replyto=\"Reply to Ernesto\" aria-label=\"Reply to Ernesto\">Reply<\/a><\/div><\/div>\n<\/div>\n\n<\/li><\/ol>\n\n\n\n\t<div id=\"respond\" class=\"comment-respond wp-block-post-comments-form\">\n\t\t<h3 id=\"reply-title\" class=\"comment-reply-title\">Leave a Reply <small><a rel=\"nofollow\" id=\"cancel-comment-reply-link\" href=\"\/index.php\/wp-json\/wp\/v2\/pages\/259#respond\" style=\"display:none;\">Cancel reply<\/a><\/small><\/h3><form action=\"https:\/\/picciblog.com.br\/wp-comments-post.php\" method=\"post\" id=\"commentform\" class=\"comment-form\"><p class=\"comment-notes\"><span id=\"email-notes\">Your email address will not be published.<\/span> <span class=\"required-field-message\">Required fields are marked <span class=\"required\">*<\/span><\/span><\/p><p class=\"comment-form-comment\"><label for=\"comment\">Comment <span class=\"required\">*<\/span><\/label> <textarea id=\"comment\" name=\"comment\" cols=\"45\" rows=\"8\" maxlength=\"65525\" required=\"required\"><\/textarea><\/p><p class=\"comment-form-author\"><label for=\"author\">Name <span class=\"required\">*<\/span><\/label> <input id=\"author\" name=\"author\" type=\"text\" value=\"\" size=\"30\" maxlength=\"245\" autocomplete=\"name\" required=\"required\" \/><\/p>\n<p class=\"comment-form-email\"><label for=\"email\">Email <span class=\"required\">*<\/span><\/label> <input id=\"email\" name=\"email\" type=\"text\" value=\"\" size=\"30\" maxlength=\"100\" aria-describedby=\"email-notes\" autocomplete=\"email\" required=\"required\" \/><\/p>\n<p class=\"comment-form-url\"><label for=\"url\">Website<\/label> <input id=\"url\" name=\"url\" type=\"text\" value=\"\" size=\"30\" maxlength=\"200\" autocomplete=\"url\" \/><\/p>\n<p class=\"comment-form-cookies-consent\"><input id=\"wp-comment-cookies-consent\" name=\"wp-comment-cookies-consent\" type=\"checkbox\" value=\"yes\" \/> <label for=\"wp-comment-cookies-consent\">Save my name, email, and website in this browser for the next time I comment.<\/label><\/p>\n<p class=\"form-submit\"><input name=\"submit\" type=\"submit\" id=\"submit\" class=\"submit\" value=\"Post Comment\" \/> <input type='hidden' name='comment_post_ID' value='259' id='comment_post_ID' \/>\n<input type='hidden' name='comment_parent' id='comment_parent' value='0' \/>\n<\/p><\/form>\t<\/div><!-- #respond -->\n\t<\/div>\n","protected":false},"excerpt":{"rendered":"<p>MARIA ANGELICA Tenho 60 anos. Sou solteiro e nunca pretendi amar ningu\u00e9m, isto \u00e9, quis amar uma jovem, mas sofri um grande desgosto. Desde o raiar de minha mocidade trabalhei para uma grande casa atacadista de S\u00e3o Paulo. Como viajante, andei muito pelo interior paulista, inclusive por outros estados do pa\u00eds. Sempre gostei de viagens [&hellip;]<\/p>\n","protected":false},"author":1,"featured_media":0,"parent":0,"menu_order":0,"comment_status":"open","ping_status":"closed","template":"","meta":{"saved_in_kubio":false,"om_disable_all_campaigns":false,"_monsterinsights_skip_tracking":false,"_monsterinsights_sitenote_active":false,"_monsterinsights_sitenote_note":"","_monsterinsights_sitenote_category":0,"_uf_show_specific_survey":0,"_uf_disable_surveys":false,"footnotes":""},"class_list":["post-259","page","type-page","status-publish","hentry"],"aioseo_notices":[],"kubio_ai_page_context":{"short_desc":"","purpose":"general"},"_links":{"self":[{"href":"https:\/\/picciblog.com.br\/index.php\/wp-json\/wp\/v2\/pages\/259","targetHints":{"allow":["GET"]}}],"collection":[{"href":"https:\/\/picciblog.com.br\/index.php\/wp-json\/wp\/v2\/pages"}],"about":[{"href":"https:\/\/picciblog.com.br\/index.php\/wp-json\/wp\/v2\/types\/page"}],"author":[{"embeddable":true,"href":"https:\/\/picciblog.com.br\/index.php\/wp-json\/wp\/v2\/users\/1"}],"replies":[{"embeddable":true,"href":"https:\/\/picciblog.com.br\/index.php\/wp-json\/wp\/v2\/comments?post=259"}],"version-history":[{"count":2,"href":"https:\/\/picciblog.com.br\/index.php\/wp-json\/wp\/v2\/pages\/259\/revisions"}],"predecessor-version":[{"id":313,"href":"https:\/\/picciblog.com.br\/index.php\/wp-json\/wp\/v2\/pages\/259\/revisions\/313"}],"wp:attachment":[{"href":"https:\/\/picciblog.com.br\/index.php\/wp-json\/wp\/v2\/media?parent=259"}],"curies":[{"name":"wp","href":"https:\/\/api.w.org\/{rel}","templated":true}]}}