{"id":261,"date":"2024-03-11T23:09:53","date_gmt":"2024-03-12T02:09:53","guid":{"rendered":"https:\/\/picciblog.com.br\/?page_id=261"},"modified":"2024-03-16T10:03:13","modified_gmt":"2024-03-16T13:03:13","slug":"memorias-de-uma-cadeira-real-2","status":"publish","type":"page","link":"https:\/\/picciblog.com.br\/index.php\/memorias-de-uma-cadeira-real-2\/","title":{"rendered":"MEMORIAS DE UMA CADEIRA REAL"},"content":{"rendered":"\n<p>MEMORIAS DE UMA CADEIRA REAL<\/p>\n\n\n\n<p>Luz! Muita luz, havia na vasta sala da Mans\u00e3o &#8220;Magn\u00f3lia&#8221; de Eliab, um simples cidad\u00e3o de quarenta anos de idade, que da noite pro dia se tornou milion\u00e1rio, o adotou o grau de Sult\u00e3o.<br>Quando crian\u00e7a, Eliab gostava muito em ler os contos fantasiosos de &#8220;Ali Baba e os Quarenta Ladroes&#8221;Viagens Maravilhosas de Sindab\u201d o \u201cMarinheiro&#8221;, Kismet, Mendigo Fatal&#8221; e outros semelhantes e dizia aos seus colegas e amigos que quando fosse homem e rico, seria tamb\u00e9m um sult\u00e3o e teria os tesouros mais lindos do que os de Ali baba. Eliab era um garoto esperto, muito vivo, de olhos castanhos, cabelos pretos, mas de fam\u00edlia pobre e suas imagina\u00e7\u00f5es iam al\u00e9m do que poderia ser. N\u00e3o constava em sua genealogia nenhum parente que pudesse oferecer melhor oportunidade, pelo menos esse era o que seus pais sabiam.<\/p>\n\n\n\n<p>Havendo uma cat\u00e1strofe inesperada, Eliab ficou \u00f3rg\u00e3o de seus pais e tinha nessa ocasi\u00e3o onze anos e nem assim se deixou abalar. Vivendo de caridade amiga de outras fam\u00edlias, continuou alimentando essa ilus\u00e3o com maior desejo anos ap\u00f3s anos e foi preparando seu esp\u00edrito para esse grande dia. Continuou trabalhando, como um cidad\u00e3o qualquer e nunca deixou de ler os mais variados contos das fantasias \u00e1rabes.<\/p>\n\n\n\n<p>O destino bom, por\u00e9m, procurou compens\u00e1-lo contra os maus bocados vividos at\u00e9 ent\u00e3o, que nessa altura estava beirando quarenta anos de idade. Solteir\u00e3o, pois tinha tanta certeza do seu sultanato com um har\u00e9m de muitas mulheres que nem notou o passamento de sua idade e inesperadamente veio-lhe ao encontro uma not\u00edcia sobre a morte de um tio muito longe, tamb\u00e9m solteir\u00e3o, que deixara uma valiosa fortuna.<\/p>\n\n\n\n<p>Ao tomar posse dos bens de seu parente, constitu\u00eddo de uma imensa fazenda e nela um casar\u00e3o, Eliab deu asas a sua imagina\u00e7\u00e3o. Mandou reform\u00e1-lo com todo o requinte de uma mans\u00e3o; adquiriu m\u00f3veis finos, cristais, pratarias e ali instalou seu reinado e entre todos esses objetos luxuosos estava eu ocupando um lugar de muito destaque. Francamente nunca pude entender o porqu\u00ea dessa inten\u00e7\u00e3o de Eliab. Afinal, eu n\u00e3o passava de uma simples cadeira, uma pe\u00e7a de madeira tecida no assento e no encosto de palhinha, em rela\u00e7\u00e3o aos demais m\u00f3veis daquela sala. E \u2018verdade que o marceneiro que me fez era muito caprichoso e n\u00e3o deixava por menos qual quer defeitozinho e as pe\u00e7as que ele fazia custavam muito caro, muito dinheiro, mas durava a vida toda.<\/p>\n\n\n\n<p>Acredito que Eliab deve ter visto o senhor Marcilio fazendo moveis e como este era cheio de melindroso, dava um !toc todo especial em seus produtos que impressionou tanto o comprador ao ponto de me adquirir com muita pompa e proje\u00e7\u00e3o.<br>Quando entrei naquela mans\u00e3o, havia festa, luz, muita luz, bebidas finas, assados etc.. os criados de um lado para outro servindo os convidados; homens saboreando petiscos, fumavam e trocavam opini\u00f5es; as senhoras e mocinhas, o fraco de Eliab, muito bem-vestidas, todas charmosas, reunidas em grupinhos, fofocavam. Em dado momento, Eliab, muito bem-vestido com um terno todo branco e um enorme turbante vermelho estampado, enrolado na cabe\u00e7a, parecendo um pr\u00edncipe, seguido de dois criados negros e preciso de um toque de clarim, anunciando por um musico da orquestra, deu entrada no sal\u00e3o, reuniu todos os convidados e pigarreando, disse aos presentes em voz firme e compassada.<\/p>\n\n\n\n<p>&#8212;- Senhoras, senhoritas, cavalheiros. Hoje \u00e9 um dia de grande import\u00e2ncia para mim e todos voc\u00eas! A partir deste momento deixo de ser aquele cidad\u00e3o sem eira nem beira, que todos conheceram, para ser o \u2018: SUIT\u00c3O ELIAB! Um rumor correu entre os convidados!<br>Ainda compassadamente, por\u00e9m com voz mais alta e firme, para impressionar ainda mais os presentes, foi dizendo. &#8212; Daqui pra frente, quando algu\u00e9m se dirigir a mim, ter\u00e1 de me procurar por este nome: SULT\u00c3O ELIAB!<\/p>\n\n\n\n<p>E mostrando-me aos presentes continuou sua fala de rei.<br>&#8212;Esta Cadeira, que adquiri especialmente, ser\u00e1 meu trono e quando estiver sentado nela, ditarei as leis e assinarei os documentos mais importantes!<br>Senti-me orgulhosa da miss\u00e3o outorgada pelo novo sult\u00e3o, mas achei que meu amo estava exagerando. Afinal, eu n\u00e3o passava de uma simples cadeira, em rela\u00e7\u00e3o aos outros m\u00f3veis mais chic que havia na grande sala, embora reconhecesse que o marceneiro que me fez fosse altamente profissional. Ser\u00e1 que Eliab n\u00e3o estava louco?<br>Os convidados, olhando um para o outro e cochichando, estranharam muito a atitude do amigo sult\u00e3o, que nessa altura dos acontecimentos, estava parecendo um amigo urso, mas compenetram-se. Afinal, estavam comendo, bebendo e saboreando as del\u00edcias oferecidas pelo anfitri\u00e3o, maluco, \u00e9 verdade, todavia, pensaram com seus bot\u00f5es. Cada louco com suas manias.<br>Hipocritamente, os convidados, um por um, cumprimentaram o novo rei, que sentado em seu trono, isto \u00e9, em Mim, recebia-os todo euf\u00f3rico com o triunfo de um ideal long\u00ednquo. A festa continuou ao som do Jaz-Band at\u00e9 raiar do outro dia, quando tudo serenou, com a retirada dos convidados.<\/p>\n\n\n\n<p>A fazenda era grande e nela havia de tudo: caf\u00e9, cana de a\u00e7\u00facar, engenho de aguardente, um grande rio cortava-a pelo meio e tudo parecia que ia bem.<br>Alguns anos foram passados e sobre ainda base sentaram muita gente as mais variadas pessoas al\u00e9m, \u00e9 claro, do meu amo o Sult\u00e3o Eliab<\/p>\n\n\n\n<p>Francamente nunca pude entender por que outras pessoas se sentavam em mim se afinal de contas eu era o trono e ele o rei. Mas como n\u00e3o podia protestar fui aguentando os jornalistas, pintores, poetas, condes, marqueses, diplomatas, militares e at\u00e9 um rei, sim senhor um rei de verdade chegaram a me ocupar e ali tratarem dos mais variados assuntos.<\/p>\n\n\n\n<p>Eu n\u00e3o gostaria de interromper estas memorias se fosse contar tudo o que se passou tintim por tintim, iria muito longe, muitas folhas de papel seriam usadas, por isso encerro, mesmo porque estou velha e cansada, ali\u00e1s, tudo aqui n\u00e3o prestam para nada. O teto, as paredes e at\u00e9 o piso onde me acho, est\u00e3o caindo aos peda\u00e7\u00f5es, est\u00e3o podres. Se ainda estou firme, pe porque o meu construtor foi muito caprichoso e o que fazia era para durar uma eternidade.<\/p>\n\n\n\n<p>O Sult\u00e3o, coitado, n\u00e3o se casou e nem teve seus herdeiros, como tamb\u00e9m n\u00e3o teve seu arem que tanto sonhara, apenas empregados e criadas enchiam a mans\u00e3o. Com festas, bebidas, convidados e mulheres, sem cuidar da receita e das despesas, isto \u00e9, gastando e n\u00e3o ganhando, ficou pobre em poucos anos e n\u00e3o tendo dinheiro, n\u00e3o teve mais amigos, nem mulheres, nem o t\u00edtulo, ali\u00e1s, esse servia para chicotes dos conhecidos inclusive seus falsos amigos que comeram, beberam e se divertiram muitas vezes na mans\u00e3o. O pior de tudo isso foi o casar\u00e3o virar casa de fantasma, sim senhor, casa mal-assombrada, ele porque ningu\u00e9m mais apareceu para cuidar dos bens que aqui existem.<\/p>\n\n\n\n<p>Logo ap\u00f3s reconhecer sua pobreza, Eliab, sentindo-se fracassado de suas inten\u00e7\u00f5es o abandonado por todos, suicidou- se e isso foi o suficiente para que as m\u00e1s l\u00ednguas de novas vaz\u00e3o as mais absurdas e sua morte nada mais foi do que um castigo merecido e s\u00f3 o dem\u00f4nio poderia levar sua alma para o inferno, \u00fanico lugar certo, para um d\u00e9bil dessa marca.<\/p>\n\n\n\n<p>Infelizmente, a ignor\u00e2ncia popular tem manias de acreditar em tudo o que \u00e9 ruim e pecaminoso, embora, tivesse havido alguns exageros nas festas pagas promovidas polo sult\u00e3o. Afinal, aqui n\u00e3o era um templo religioso, mas a cren\u00e7a popular ganhou a batalha e quando apareceu um casal de negros j\u00e1 bem velhos de cabe-los brancos, bastante desconfiados para cuidar da casa, por conta n\u00e3o sei de quanto, um vento forte atravessou a grande sala o foi bater numa vidra\u00e7a com tanta for\u00e7a que esta espatifou-se provocando enorme barulho. O casal pego de surpresa e desconfiados arregalaram seus olhos, benzeram-se e sa\u00edram correndo pelos compartimentos, como estivessem disputando uma corrida at\u00e9 ganharem o vazio o terreno l\u00e1 fora e isso deve ter sido o suficiente para proclamarem a casa como assombrada, pois tinham visto a alma do sult\u00e3o percorrendo os aposentos.<\/p>\n\n\n\n<p>A mim restam as lembran\u00e7as de tudo o que aconteceu nesta mans\u00e3o magn\u00f3lia, pois, com dissera anteriormente, o Sult\u00e3o Eliab tinha mania de ceder seu trono as pessoas de real import\u00e2ncia para ele, \u00e9 claro, e certa vez, um homem de mais idade trouxe uma mo\u00e7oila e n\u00e3o encontrando o Sult\u00e3o, sentou-se em mim e p\u00f4s menina seus p\u00e9s. Percebi depois que sua inten\u00e7\u00e3o era obter o apoio moral e financeiro de Eliab e como este demorasse foi revelando suas inten\u00e7\u00f5es a garota.<\/p>\n\n\n\n<p>Magda recusava aceitar ou fingia crente das promessas do velho galanteador, mas em dado momento Casanova, querendo provar sua sinceridade exclamou.<br>&#8212;Juro por tudo Magda, que te amo! Assim que o Sult\u00e3o Eliab o chegar provar\u00e1 a voc\u00ea o meu grande amor.<\/p>\n\n\n\n<div class=\"wp-block-comments\">\n\n\n\n\n\n\t<div id=\"respond\" class=\"comment-respond wp-block-post-comments-form\">\n\t\t<h3 id=\"reply-title\" class=\"comment-reply-title\">Leave a Reply <small><a rel=\"nofollow\" id=\"cancel-comment-reply-link\" href=\"\/index.php\/wp-json\/wp\/v2\/pages\/261#respond\" style=\"display:none;\">Cancel reply<\/a><\/small><\/h3><form action=\"https:\/\/picciblog.com.br\/wp-comments-post.php\" method=\"post\" id=\"commentform\" class=\"comment-form\"><p class=\"comment-notes\"><span id=\"email-notes\">Your email address will not be published.<\/span> <span class=\"required-field-message\">Required fields are marked <span class=\"required\">*<\/span><\/span><\/p><p class=\"comment-form-comment\"><label for=\"comment\">Comment <span class=\"required\">*<\/span><\/label> <textarea id=\"comment\" name=\"comment\" cols=\"45\" rows=\"8\" maxlength=\"65525\" required=\"required\"><\/textarea><\/p><p class=\"comment-form-author\"><label for=\"author\">Name <span class=\"required\">*<\/span><\/label> <input id=\"author\" name=\"author\" type=\"text\" value=\"\" size=\"30\" maxlength=\"245\" autocomplete=\"name\" required=\"required\" \/><\/p>\n<p class=\"comment-form-email\"><label for=\"email\">Email <span class=\"required\">*<\/span><\/label> <input id=\"email\" name=\"email\" type=\"text\" value=\"\" size=\"30\" maxlength=\"100\" aria-describedby=\"email-notes\" autocomplete=\"email\" required=\"required\" \/><\/p>\n<p class=\"comment-form-url\"><label for=\"url\">Website<\/label> <input id=\"url\" name=\"url\" type=\"text\" value=\"\" size=\"30\" maxlength=\"200\" autocomplete=\"url\" \/><\/p>\n<p class=\"comment-form-cookies-consent\"><input id=\"wp-comment-cookies-consent\" name=\"wp-comment-cookies-consent\" type=\"checkbox\" value=\"yes\" \/> <label for=\"wp-comment-cookies-consent\">Save my name, email, and website in this browser for the next time I comment.<\/label><\/p>\n<p class=\"form-submit\"><input name=\"submit\" type=\"submit\" id=\"submit\" class=\"submit\" value=\"Post Comment\" \/> <input type='hidden' name='comment_post_ID' value='261' id='comment_post_ID' \/>\n<input type='hidden' name='comment_parent' id='comment_parent' value='0' \/>\n<\/p><\/form>\t<\/div><!-- #respond -->\n\t<\/div>\n","protected":false},"excerpt":{"rendered":"<p>MEMORIAS DE UMA CADEIRA REAL Luz! Muita luz, havia na vasta sala da Mans\u00e3o &#8220;Magn\u00f3lia&#8221; de Eliab, um simples cidad\u00e3o de quarenta anos de idade, que da noite pro dia se tornou milion\u00e1rio, o adotou o grau de Sult\u00e3o.Quando crian\u00e7a, Eliab gostava muito em ler os contos fantasiosos de &#8220;Ali Baba e os Quarenta Ladroes&#8221;Viagens [&hellip;]<\/p>\n","protected":false},"author":1,"featured_media":0,"parent":0,"menu_order":0,"comment_status":"open","ping_status":"closed","template":"","meta":{"saved_in_kubio":false,"om_disable_all_campaigns":false,"_monsterinsights_skip_tracking":false,"_monsterinsights_sitenote_active":false,"_monsterinsights_sitenote_note":"","_monsterinsights_sitenote_category":0,"_uf_show_specific_survey":0,"_uf_disable_surveys":false,"footnotes":""},"class_list":["post-261","page","type-page","status-publish","hentry"],"aioseo_notices":[],"kubio_ai_page_context":{"short_desc":"","purpose":"general"},"_links":{"self":[{"href":"https:\/\/picciblog.com.br\/index.php\/wp-json\/wp\/v2\/pages\/261","targetHints":{"allow":["GET"]}}],"collection":[{"href":"https:\/\/picciblog.com.br\/index.php\/wp-json\/wp\/v2\/pages"}],"about":[{"href":"https:\/\/picciblog.com.br\/index.php\/wp-json\/wp\/v2\/types\/page"}],"author":[{"embeddable":true,"href":"https:\/\/picciblog.com.br\/index.php\/wp-json\/wp\/v2\/users\/1"}],"replies":[{"embeddable":true,"href":"https:\/\/picciblog.com.br\/index.php\/wp-json\/wp\/v2\/comments?post=261"}],"version-history":[{"count":2,"href":"https:\/\/picciblog.com.br\/index.php\/wp-json\/wp\/v2\/pages\/261\/revisions"}],"predecessor-version":[{"id":314,"href":"https:\/\/picciblog.com.br\/index.php\/wp-json\/wp\/v2\/pages\/261\/revisions\/314"}],"wp:attachment":[{"href":"https:\/\/picciblog.com.br\/index.php\/wp-json\/wp\/v2\/media?parent=261"}],"curies":[{"name":"wp","href":"https:\/\/api.w.org\/{rel}","templated":true}]}}