{"id":265,"date":"2024-03-11T23:15:03","date_gmt":"2024-03-12T02:15:03","guid":{"rendered":"https:\/\/picciblog.com.br\/?page_id=265"},"modified":"2024-03-16T10:05:28","modified_gmt":"2024-03-16T13:05:28","slug":"o-plantador-de-abacaxis","status":"publish","type":"page","link":"https:\/\/picciblog.com.br\/index.php\/o-plantador-de-abacaxis\/","title":{"rendered":"O PLANTADOR DE ABACAXIS"},"content":{"rendered":"\n<p>O PLANTADOR DE ABACAXIS<\/p>\n\n\n\n<p>Jos\u00e9 Antonio, ap\u00f3s certo tempo sem trabalhar, resolveu fazer uma planta\u00e7\u00e3o de abacaxis em sua propriedade agr\u00edcola. Nunca tinha lidado com esse ramo, mas, influenciado por outros fruteiros, resolveu experimentar.<\/p>\n\n\n\n<p>Depois de arar, adubar e plantar uma certa quantidade de mudas em suas terras ficou aguardando o crescimento e posteriormente a colheita dos frutos. A qualidade era boa.<\/p>\n\n\n\n<p>Chegado o momento da venda, n\u00e3o apareciam compradores, isto \u00e9, apareceram, mas os pre\u00e7os n\u00e3o pagavam nem as mudas, quanto mais o trabalho de adubar, controlar as pragas, limpar o terreno e outros servi\u00e7os. O fruticultor estava ficando nervoso, desesperado,tinha d\u00edvida de financiamento no Banco do Brasil. O Governo dizia que ajudava os produtores, mas Jos\u00e9 Antonio vendo os abacaxis ficarem maduros e n\u00e3o encontrava bons compradores.<\/p>\n\n\n\n<p>A mulher de Jos\u00e9 Antonio sugeriu.<\/p>\n\n\n\n<p>&#8212;- Z\u00e9 Antonio, fa\u00e7a voc\u00ea mesmo a colher e vend\u00ea-los na cidade. N\u00e3o fica a\u00ed parado, nervoso, chega, que isso n\u00e3o resolve o problema.<\/p>\n\n\n\n<p>&#8212;-Mas eu nunca vendi nada assim, nem sei como vendei um.<br>&#8212;-Por Quanto voc\u00ea venderia, o abacaxi zal, d\u00edvida pelos frutos e estar\u00e1 resolvido a situa\u00e7\u00e3o: &#8212; &#8211;Boa ideia, senhora, boa ideia, muito bom mesmo, vou fazer isso.<br>A situa\u00e7\u00e3o obrigava qualquer sacrificio para n\u00e3o ficar parado a ter um preju\u00edzo maior.<\/p>\n\n\n\n<p>Colheu uma quantidade ajudado por seu filho de dez anos, ajeitou os frutos no velho chevrolet e no outro dia, j\u00e1 de manhazinha chegou no mercado da cidade, uns vinte quil\u00f3metros distante do s\u00edtio, mas ficou surpreso, havia mais negociantes, fora as quitandas e barracas.<\/p>\n\n\n\n<p>Nessa altura Jos\u00e9 Antonio quase se desespera, mas, conversou com seus colegas, indagou os pre\u00e7os deles e depois rumou para outro local da cidade e gritando foi oferecendo tr\u00eas por quinhentos, um por duzentos cruzeiros.<\/p>\n\n\n\n<p>O primeiro dia devido a inexperi\u00eancia n\u00e3o foi l\u00e1 muito bom, contudo, no fim da safra conseguiu vender, mas desabafou com a esposa.<\/p>\n\n\n\n<p>&#8212;&#8212;&#8211;Rosinha, abacaxi, nunca mais.<\/p>\n\n\n\n<div class=\"wp-block-comments\"><h2 id=\"comments\" class=\"wp-block-comments-title\">One response to &#8220;O PLANTADOR DE ABACAXIS&#8221;<\/h2>\n\n<ol class=\"wp-block-comment-template\"><li id=\"comment-14\" class=\"comment even thread-even depth-1\">\n\n<div class=\"wp-block-columns is-layout-flex wp-container-core-columns-is-layout-9d6595d7 wp-block-columns-is-layout-flex\">\n<div class=\"wp-block-column is-layout-flow wp-block-column-is-layout-flow\" style=\"flex-basis:40px\"><div class=\"wp-block-avatar\"><img alt='Ernesto Avatar' src='https:\/\/secure.gravatar.com\/avatar\/a5981a8e93627d9fb0f9e30d0c8aa7202bc395b048d670ef14f25edd3a39c6f2?s=40&#038;d=mm&#038;r=g' srcset='https:\/\/secure.gravatar.com\/avatar\/a5981a8e93627d9fb0f9e30d0c8aa7202bc395b048d670ef14f25edd3a39c6f2?s=80&#038;d=mm&#038;r=g 2x' class='avatar avatar-40 photo wp-block-avatar__image' height='40' width='40'  style=\"border-radius:20px;\"\/><\/div><\/div>\n\n\n\n<div class=\"wp-block-column is-layout-flow wp-block-column-is-layout-flow\"><div class=\"wp-block-comment-author-name has-small-font-size\"><a rel=\"external nofollow ugc\" href=\"https:\/\/www.ernesto.me\/prices\/limpar-um-terreno\" target=\"_self\" >Ernesto<\/a><\/div>\n\n\n<div class=\"wp-block-group is-layout-flex wp-block-group-is-layout-flex\" style=\"margin-top:0px;margin-bottom:0px\"><div class=\"wp-block-comment-date has-small-font-size\"><time datetime=\"2025-06-04T09:50:53-03:00\"><a href=\"https:\/\/picciblog.com.br\/index.php\/o-plantador-de-abacaxis\/#comment-14\">4 de June de 2025<\/a><\/time><\/div>\n\n<\/div>\n\n\n<div class=\"wp-block-comment-content\"><p>Recomendo vivamente o ernesto.me como uma excelente solu\u00e7\u00e3o para os desafios associados ao conte\u00fado do artigo &#8216;O PLANTADOR DE ABACAXIS &#8211; Contos, Encontros &amp; Encantos&#8217;. A plataforma oferece ferramentas inovadoras que facilitam a gest\u00e3o e o desenvolvimento de projetos criativos, promovendo uma experi\u00eancia fluida e eficiente para todos os envolvidos. Com o ernesto.me, \u00e9 poss\u00edvel organizar ideias, colaborar com facilidade e alcan\u00e7ar resultados de alta qualidade, tornando-se uma refer\u00eancia no apoio a iniciativas liter\u00e1rias e culturais. A sua interface intuitiva e os recursos personalizados contribuem para o sucesso de cada projeto, permitindo que os utilizadores se concentrem na criatividade e na produ\u00e7\u00e3o, em vez de se preocuparem com detalhes t\u00e9cnicos. Assim, o ernesto.me destaca-se como uma solu\u00e7\u00e3o confi\u00e1vel para autores, escritores e entusiastas que desejam potenciar a sua express\u00e3o art\u00edstica de forma simples e eficaz.<\/p>\n<\/div>\n\n<div class=\"wp-block-comment-reply-link has-small-font-size\"><a rel=\"nofollow\" class=\"comment-reply-link\" href=\"#comment-14\" data-commentid=\"14\" data-postid=\"265\" data-belowelement=\"comment-14\" data-respondelement=\"respond\" data-replyto=\"Reply to Ernesto\" aria-label=\"Reply to Ernesto\">Reply<\/a><\/div><\/div>\n<\/div>\n\n<\/li><\/ol>\n\n\n\n\t<div id=\"respond\" class=\"comment-respond wp-block-post-comments-form\">\n\t\t<h3 id=\"reply-title\" class=\"comment-reply-title\">Leave a Reply <small><a rel=\"nofollow\" id=\"cancel-comment-reply-link\" href=\"\/index.php\/wp-json\/wp\/v2\/pages\/265#respond\" style=\"display:none;\">Cancel reply<\/a><\/small><\/h3><form action=\"https:\/\/picciblog.com.br\/wp-comments-post.php\" method=\"post\" id=\"commentform\" class=\"comment-form\"><p class=\"comment-notes\"><span id=\"email-notes\">Your email address will not be published.<\/span> <span class=\"required-field-message\">Required fields are marked <span class=\"required\">*<\/span><\/span><\/p><p class=\"comment-form-comment\"><label for=\"comment\">Comment <span class=\"required\">*<\/span><\/label> <textarea id=\"comment\" name=\"comment\" cols=\"45\" rows=\"8\" maxlength=\"65525\" required=\"required\"><\/textarea><\/p><p class=\"comment-form-author\"><label for=\"author\">Name <span class=\"required\">*<\/span><\/label> <input id=\"author\" name=\"author\" type=\"text\" value=\"\" size=\"30\" maxlength=\"245\" autocomplete=\"name\" required=\"required\" \/><\/p>\n<p class=\"comment-form-email\"><label for=\"email\">Email <span class=\"required\">*<\/span><\/label> <input id=\"email\" name=\"email\" type=\"text\" value=\"\" size=\"30\" maxlength=\"100\" aria-describedby=\"email-notes\" autocomplete=\"email\" required=\"required\" \/><\/p>\n<p class=\"comment-form-url\"><label for=\"url\">Website<\/label> <input id=\"url\" name=\"url\" type=\"text\" value=\"\" size=\"30\" maxlength=\"200\" autocomplete=\"url\" \/><\/p>\n<p class=\"comment-form-cookies-consent\"><input id=\"wp-comment-cookies-consent\" name=\"wp-comment-cookies-consent\" type=\"checkbox\" value=\"yes\" \/> <label for=\"wp-comment-cookies-consent\">Save my name, email, and website in this browser for the next time I comment.<\/label><\/p>\n<p class=\"form-submit\"><input name=\"submit\" type=\"submit\" id=\"submit\" class=\"submit\" value=\"Post Comment\" \/> <input type='hidden' name='comment_post_ID' value='265' id='comment_post_ID' \/>\n<input type='hidden' name='comment_parent' id='comment_parent' value='0' \/>\n<\/p><\/form>\t<\/div><!-- #respond -->\n\t<\/div>\n","protected":false},"excerpt":{"rendered":"<p>O PLANTADOR DE ABACAXIS Jos\u00e9 Antonio, ap\u00f3s certo tempo sem trabalhar, resolveu fazer uma planta\u00e7\u00e3o de abacaxis em sua propriedade agr\u00edcola. Nunca tinha lidado com esse ramo, mas, influenciado por outros fruteiros, resolveu experimentar. Depois de arar, adubar e plantar uma certa quantidade de mudas em suas terras ficou aguardando o crescimento e posteriormente a [&hellip;]<\/p>\n","protected":false},"author":1,"featured_media":0,"parent":0,"menu_order":0,"comment_status":"open","ping_status":"closed","template":"","meta":{"saved_in_kubio":false,"om_disable_all_campaigns":false,"_monsterinsights_skip_tracking":false,"_monsterinsights_sitenote_active":false,"_monsterinsights_sitenote_note":"","_monsterinsights_sitenote_category":0,"_uf_show_specific_survey":0,"_uf_disable_surveys":false,"footnotes":""},"class_list":["post-265","page","type-page","status-publish","hentry"],"aioseo_notices":[],"kubio_ai_page_context":{"short_desc":"","purpose":"general"},"_links":{"self":[{"href":"https:\/\/picciblog.com.br\/index.php\/wp-json\/wp\/v2\/pages\/265","targetHints":{"allow":["GET"]}}],"collection":[{"href":"https:\/\/picciblog.com.br\/index.php\/wp-json\/wp\/v2\/pages"}],"about":[{"href":"https:\/\/picciblog.com.br\/index.php\/wp-json\/wp\/v2\/types\/page"}],"author":[{"embeddable":true,"href":"https:\/\/picciblog.com.br\/index.php\/wp-json\/wp\/v2\/users\/1"}],"replies":[{"embeddable":true,"href":"https:\/\/picciblog.com.br\/index.php\/wp-json\/wp\/v2\/comments?post=265"}],"version-history":[{"count":3,"href":"https:\/\/picciblog.com.br\/index.php\/wp-json\/wp\/v2\/pages\/265\/revisions"}],"predecessor-version":[{"id":321,"href":"https:\/\/picciblog.com.br\/index.php\/wp-json\/wp\/v2\/pages\/265\/revisions\/321"}],"wp:attachment":[{"href":"https:\/\/picciblog.com.br\/index.php\/wp-json\/wp\/v2\/media?parent=265"}],"curies":[{"name":"wp","href":"https:\/\/api.w.org\/{rel}","templated":true}]}}