{"id":267,"date":"2024-03-11T23:17:31","date_gmt":"2024-03-12T02:17:31","guid":{"rendered":"https:\/\/picciblog.com.br\/?page_id=267"},"modified":"2024-03-16T09:59:31","modified_gmt":"2024-03-16T12:59:31","slug":"come-que-e","status":"publish","type":"page","link":"https:\/\/picciblog.com.br\/index.php\/come-que-e\/","title":{"rendered":"COM\u00c9 QUE \u00c9"},"content":{"rendered":"\n<p>COM\u00c9 QUE \u00c9<\/p>\n\n\n\n<p>Cr\u00f4nica de Francisco Piccirillo<\/p>\n\n\n\n<p>&#8220;Com\u00e9 que \u00e9&#8221;, era apelido de um senhor, com seus cinquenta anos de idade, mas pingu\u00e7o que quando sa\u00eda de casa pela manh\u00e3, os ombros estavam normais; os bra\u00e7os eretos; as pernas boas, o rosto em forma.<br>Ele sa\u00eda, mas j\u00e1 parava no primeiro botequim da esquina e ali tomava seu primeiro aperitivo. Sua familia n\u00e3o se preocupava, sabia que voltava b\u00eabedo, mas voltava, nunca pagou, os outros fregueses pagavam sua conta.<\/p>\n\n\n\n<p>A tend\u00eancia dele era sempre seguir um rumo acostumado, porisso passava pelo botequim do Manoel Ant\u00f4nio Cipriano e outros e ia terminar sua jornada no bar e mercearia do \u00c1lvaro.<\/p>\n\n\n\n<p>Nessa altura j\u00e1 eram mais de onze horas.<br>Conforme ia andando, passava por lojas, oficinas, barbearias. As pessoas que o conheciam interrogavam com ca\u00e7oadas:<br>Com\u00e9 que \u00e9, j\u00e1 t\u00e1 no regular do meio? Ainda nao, estava subindo a ladeira, nao tinha chegado na mercearia do Alvaro, ponto final, para depois regressar.<br>As pessoas frequentadoras desses bares, al\u00e9m de n\u00e3o se incomodarem de pagar uma pinga, ainda gostavam de glos\u00e1- lo. Nervoso e irritado n\u00e3o era, da\u00ed a raz\u00e3o de servirem uma, duas ou mais doses.<br>Bebia com gosto e at\u00e9 chupava os bei\u00e7os, mas em compensa\u00e7\u00e3o seu corpo ia tomando outra forma: seus ombros come\u00e7avam levantar-se; os bra\u00e7os iam se abrindo; suas bochechas inchando, pela quantidade de \u00e1lcool j\u00e1 ingerido. Ali pelas treze horas voltava para casa, passo duro parecendo um militar, bra\u00e7os abertos, as pessoas conhecidas brincavam.<br>&#8212; Com\u00e9 que \u00e9, t\u00e1 no regular do meio?<br>N\u00e3o deu confian\u00e7a. \u00c9 que nesse dia, ficou no bar do \u00c1lvaro mais tempo, j\u00e1 havia bebido o suficiente, mas mesmo assim continuava pedindo e insistia at\u00e9 que um fregu\u00eas lhe disse.<br>&#8212;- Com\u00e9 que \u00e9, n\u00e3o t\u00e1 na hora de voc\u00ea voltar para casa? Sua mulher deve estar preocupada.<br>Ele pensou e respondeu.<br>&#8212;- T\u00e1 na hora sim, vou-me embora<br>&#8212;-V\u00e1 Com Deus, falou outro fregu\u00eas.<br>Nesse interim saiu, mas como havia um degrau meio alto na porta, pisou em falso e saiu cambaleando; virou-se para traz como um furioso e advertiu.<br>&#8212;- Pode acompanhar-me; mas n\u00e3o precisa empurrar.<\/p>\n\n\n","protected":false},"excerpt":{"rendered":"<p>COM\u00c9 QUE \u00c9 Cr\u00f4nica de Francisco Piccirillo &#8220;Com\u00e9 que \u00e9&#8221;, era apelido de um senhor, com seus cinquenta anos de idade, mas pingu\u00e7o que quando sa\u00eda de casa pela manh\u00e3, os ombros estavam normais; os bra\u00e7os eretos; as pernas boas, o rosto em forma.Ele sa\u00eda, mas j\u00e1 parava no primeiro botequim da esquina e ali [&hellip;]<\/p>\n","protected":false},"author":1,"featured_media":0,"parent":0,"menu_order":0,"comment_status":"closed","ping_status":"closed","template":"","meta":{"saved_in_kubio":false,"om_disable_all_campaigns":false,"_monsterinsights_skip_tracking":false,"_monsterinsights_sitenote_active":false,"_monsterinsights_sitenote_note":"","_monsterinsights_sitenote_category":0,"_uf_show_specific_survey":0,"_uf_disable_surveys":false,"footnotes":""},"class_list":["post-267","page","type-page","status-publish","hentry"],"aioseo_notices":[],"kubio_ai_page_context":{"short_desc":"","purpose":"general"},"_links":{"self":[{"href":"https:\/\/picciblog.com.br\/index.php\/wp-json\/wp\/v2\/pages\/267","targetHints":{"allow":["GET"]}}],"collection":[{"href":"https:\/\/picciblog.com.br\/index.php\/wp-json\/wp\/v2\/pages"}],"about":[{"href":"https:\/\/picciblog.com.br\/index.php\/wp-json\/wp\/v2\/types\/page"}],"author":[{"embeddable":true,"href":"https:\/\/picciblog.com.br\/index.php\/wp-json\/wp\/v2\/users\/1"}],"replies":[{"embeddable":true,"href":"https:\/\/picciblog.com.br\/index.php\/wp-json\/wp\/v2\/comments?post=267"}],"version-history":[{"count":2,"href":"https:\/\/picciblog.com.br\/index.php\/wp-json\/wp\/v2\/pages\/267\/revisions"}],"predecessor-version":[{"id":307,"href":"https:\/\/picciblog.com.br\/index.php\/wp-json\/wp\/v2\/pages\/267\/revisions\/307"}],"wp:attachment":[{"href":"https:\/\/picciblog.com.br\/index.php\/wp-json\/wp\/v2\/media?parent=267"}],"curies":[{"name":"wp","href":"https:\/\/api.w.org\/{rel}","templated":true}]}}