{"id":284,"date":"2024-03-11T23:36:21","date_gmt":"2024-03-12T02:36:21","guid":{"rendered":"https:\/\/picciblog.com.br\/?page_id=284"},"modified":"2024-03-20T20:26:35","modified_gmt":"2024-03-20T23:26:35","slug":"uma-viagem-inesquecivel","status":"publish","type":"page","link":"https:\/\/picciblog.com.br\/index.php\/uma-viagem-inesquecivel\/","title":{"rendered":"UMA VIAGEM INESQUEC\u00cdVEL"},"content":{"rendered":"\n<p>Isla Margarita Venezuela outubro de 2007<br>8 Campeonato Sul Americano de Nata\u00e7\u00e3o Master.<\/p>\n\n\n\n<p>Sempre no nosso grupo, tem aquele que motiva, seja para um simples jantar, isso para jogar conversa fora, ou mesmo para uma viagem, foi o que aconteceu numa dessas conversas, surgiu \u00e0 ideia de uma viagem para Isla Margarita, imaginando ai, aquelas praias do caribe, calentes verdinhas, limpinhas, a ideia tomou corpo e da\u00ed porque n\u00e3o aceitar o convite, chegou ent\u00e3o o fat\u00eddico dia.<\/p>\n\n\n\n<p>J\u00e1 no embarque em S\u00e3o Paulo, Guarulhos, Tati colocou muito sapato na mala, consequ\u00eancia excesso de peso, abre a mala, coloca em sacola e empresta mala, fecha mala, tudo bem resolvido \u00e0 quest\u00e3o, embarcamos. Viagem muito tranquila, pela TACA at\u00e9 Lima, sobe escada, desce escada, Picci sendo chamado no balc\u00e3o da TACA, rose piccirin, como saber que era eu, meu espanhol tava fraco, ainda bem que tinha o Fernandinho, falando fluente o Espanhol, acompanhou- me at\u00e9 o balc\u00e3o, que acontece, voc\u00ea esqueceu as passagens para a conex\u00e3o, tudo resolvido, vamos l\u00e1, passa por uma fila, segue conex\u00e3o para Caracas, tamb\u00e9m tranq\u00fcila mesma companhia, desembarque, uma fila enorme pessoal ruim de atender, pega a bagagem come\u00e7a o mart\u00edrio, transportadores de malas, pega aqui, pega l\u00e1 30 d\u00f3lares para levar a bagagem, desinforma\u00e7\u00e3o total no aeroporto, cambio, cambio, 3 por 1, 4 por 1, isso cambio paralelo, e o medo de pegar nota fria, vamos cambio oficial, alguns trocaram, 2.150 bolivares por 1 d\u00f3lar( j\u00e1 se ferrou), ai uma chuva de lascar, o local do aeroporto para a ilha, teria que sair pela rua, caminhar mais ou menos uns 600 metros e tomando chuva, mas vamos l\u00e1 tudo \u00e9 festa, malas molhadas camisas ensopadas, come\u00e7a o che kim, embora com a passagem em hor\u00e1rio marcado, no v\u00f4o n\u00e3o teve lugar para todos, ali \u00e9 igual \u00e0 lota\u00e7\u00e3o, encheu parte, um turma foi outra ficou curtindo o aeroporto por mais duas horas, o Xuxo foi mas, sua mala ficou, ao chegar \u00e0 ilha o motorista que nos levou at\u00e9 o Hotel, deu algumas dicas referente ao cambio, na verdade na troca do paralelo era compensador, onde poderia se trocar 1 d\u00f3lar por 4 a 5.000 bolivares.<\/p>\n\n\n\n<p>Chegando ao Hotel, todos planejaram pagar com cart\u00e3o de cr\u00e9dito, mas nada disso aconteceu, o Hotel exigiu pagamento em d\u00f3lares, consequ\u00eancia o pessoal<\/p>\n\n\n\n<p>ficou desprovido, j\u00e1 come\u00e7ava o fumo, pois o grupo planejou levar d\u00f3lares para os passeios e outros gastos.<\/p>\n\n\n\n<p>Bom o que vamos fazer amanh\u00e3, Domingo, ideia vamos fazer um City Tuor, quer coisa mais legal, por que que cada cidade que a gente conhece pela primeira vez tem esse tal de City Tuor, coisa mais chata, v\u00ea museu, pra\u00e7as, foi ali que aconteceu isso ou aquilo, mas no, entanto vamos conhecer as praias do Caribe, aquela expectativa, a vam com motorista tudo incluso, almo\u00e7o e bebidas etc.., ai come\u00e7a a peregrina\u00e7\u00e3o, passa por uma praia, passa por outra, mais outra, por uma pra\u00e7a, e cad\u00ea aquela do Caribe, todas com pedras, algas, sujas, praias bem mais feias que as nossas, final canseira e algu\u00e9m j\u00e1 sai no preju, perde a maquina digital.<\/p>\n\n\n\n<p>Segunda Feira, alguns fazem passeio at\u00e9 a ilha de cocha, para quem foi, valeu a pena, o almo\u00e7o foi paela com muito camar\u00e3o, coisa que n\u00e3o caiu bem para M\u00e1rcia, n\u00e3o saiu do trono, dois dias de mart\u00edrio, febre, diarr\u00e9ia, antibi\u00f3tico, que beleza!!!!.<\/p>\n\n\n\n<p>Ter\u00e7a Feira, come\u00e7a as competi\u00e7\u00f5es do 8 Campeonato Sul Americano de Nata\u00e7\u00e3o M\u00e1ster, para se ter uma id\u00e9ia, do Hotel at\u00e9 a piscina, mais ou menos uns 10 kilometros, os t\u00e1xis cobravam de 6 a 8.000 bolivares, com sorte vinha um com ar condicionado, mas como sorte \u00e9 coisa rara, pegava os pau veio, t\u00e1xi sem ar, sem dire\u00e7\u00e3o, sem retrovisor, sem vidro, ma\u00e7aneta quebrada, sempre carro do ano, ano 1970, 1980, mas o motor uma beleza funcionava com gasolina a 80 bol\u00edvar o gal\u00e3o, sabem o que \u00e9 isso, 1 d\u00f3lar enchia o tanque, naquele pais ningu\u00e9m anda a p\u00e9, tamb\u00e9m com este pre\u00e7o at\u00e9 andarilho tem carro, vamos ao que interessa, a competi\u00e7\u00e3o, Piscina ol\u00edmpica de 50 metros e outra de 25 para acalentamento, do lado Est\u00e1dio de Beisebol,( esporte numero um dos venezuelanos) a piscina relativamente boa, mas os banheiros, um fiasco, 4 vasos sanit\u00e1rios para 900 atletas, no primeiro dia dois estavam danados, e por falar em banheiro, o Xuxo me confidenciou que antes de sua prova, sentiu aquele aperto, aquele calafrio descendo pela espinha e subindo pelas entranhas, foi ao banheiro e realizou o servi\u00e7o, ao terminar olhou de um lado e de outro, surpresa n\u00e3o tinha papel, bom nem tudo esta perdido, vou para o chuveiro e tomo aquele banho, frustrou n\u00e3o tinha \u00e1gua, resultado perdeu o segundo lugar em sua prova, acho que tava meio pesado&#8230;hahaha, contei, pode ficar brabo.A organiza\u00e7\u00e3o uma beleza, embora a competi\u00e7\u00e3o j\u00e1 em andamento, come\u00e7ou a furar o ch\u00e3o da piscina para colocar o suporte de cordas e bandeirinhas, e outro pessoal na instala\u00e7\u00e3o do Placar eletr\u00f4nico, por falar em Placar at\u00e9 a sexta feira este placar ainda n\u00e3o estava funcionando, acredito que os venezuelanos estavam infectados pelo v\u00edrus baiano. As provas eram realizadas em ritmo calente, resultados somente no outro dia, Warley nadou uma prova de 200 costas, ganhou a prova, retirou a medalha, e na listagem consta que n\u00e3o nadou, que fazer!!, \u00eale mesmo a ganhou outra prova, mas foi desclassificado, indagando os ju\u00edzes o porqu\u00ea, um disse voc\u00ea passou a m\u00e3o al\u00e9m da corda, outro n\u00e3o voc\u00ea passou a cabe\u00e7a, conclus\u00e3o nem eles se entendem, como contestar, pessoal tem muito a apreender com os brasileiros, principalmente com a turma da<\/p>\n\n\n\n<p>UNAMI, pudera Pa\u00eds subdesenvolvido, mas para cobrar muito inteligente, aceitamos somente em d\u00f3lares&#8230;..<\/p>\n\n\n\n<p>Durante as competi\u00e7\u00f5es, uns passeavam pelos shoppings e outros pela piscina e outros ficavam no Hotel resort meia boca, Margarita Internacional Village, embora o pessoal no atendimento fosse bastante fraco, fisicamente o Hotel tinha belas piscina e muito bem ajardinado, mas a comida sem duvida era de exercito bandej\u00e3o.<\/p>\n\n\n\n<p>Retorno da agonia, soube que ao fazer a confirma\u00e7\u00e3o de nosso v\u00f4o para Cararas, isto no Domingo, a funcion\u00e1ria foi taxativa em afirmar que pelo hor\u00e1rio n\u00e3o daria tempo de tomar o pr\u00f3ximo avi\u00e3o com destino a Lima, n\u00f3s s\u00f3 t\u00ednhamos aproximadamente uma hora e trinta minutos, n\u00e3o era suficiente, pois o pessoal do aeroporto precisava para fazer o procedimento mais ou menos de duas a tr\u00eas horas com anteced\u00eancia, vai da li vai de l\u00e1, nessa hora palpites \u00e9 o que n\u00e3o falta, vamos de barco.!, vamos de t\u00e1xi, ta louco cara n\u00f3s estamos numa ilha, liga de l\u00e1 para c\u00e1, achamos uma sa\u00edda, antecipar o v\u00f4o para o s\u00e1bado, dormindo em Caracas, para ser mais preciso, em Laguaira, chegando ao aeroporto, uma decis\u00e3o quem sabe conseguimos o v\u00f4o direto, fica o grupo e segue Warley e Fernando que era nosso interprete para o balc\u00e3o da Taca, logo aparece Warley conseguimos!!! temos que partir imediatamente, porra que correria, colocaram Sr Lem\u00e3o e Dona Silvia no carrinho, empurrando numa velocidade e carregadores de mala recebendo 80.000 bolivares, 600 metros correndo com malas, ufa &#8230;. chegamos a tempo, funcion\u00e1rio fazendo o chekim, passa um tempo, ele diz ate agora tinha lugar, no momento n\u00e3o tem mais, e agora que faremos, bom vamos procurar um Hotel e amanha embarcamos, pre\u00e7o de um hotel mais ou menos, equiparado a umas tr\u00eas estrelas no Brasil, pre\u00e7o 650.000 bolivares, valor este que ao trocar dava um mont\u00e3o de dinheiro que o Fernando ao pegar a grana, jogou para o alto em cima do colch\u00e3o e pulou em cima, deu uma de Tio Patinhas, s\u00f3 alegria, quartos com tr\u00eas camas king, dois quartos um com os homens e outro com as mulheres, sabem quanto \u00e9 isto em real, cerca de R$ 550,00 por uma noite sem caf\u00e9 de manha, vai ser caro assim no inferno, mas por outro lado, ainda t\u00ednhamos umas migalhas de d\u00f3lares, resultado no cambio 1 por 4.800 ficou barato cerca de 240,00 divididos por 6, R$ 40,00 reais por uma noite, mulheres de um lado homens de outro<\/p>\n\n\n\n<p>Domingo embarcamos, no aeroporto j\u00e1 dentro do avi\u00e3o, vimos o pessoal do exercito, l\u00e1, soldados ficam direto na fiscaliza\u00e7\u00e3o, e da janela presenciamos os recrutas chutando as malas, at\u00e9 que um deles percebeu que algu\u00e9m estava tirando fotos, porque os meganhas entraram no avi\u00e3o para saber quem estava tirando fotos confisc\u00e1-las, mas n\u00e3o tiveram sucesso, ningu\u00e9m denunciou, eles sa\u00edram sem a maquina, mas o v\u00f4o atrasou mais de duas horas, em fim voltamos s\u00e3o a salvos, perd\u00e3o mas o Warley voltou com dengue.!!!!!!!!!!.Herois da viagem; Eu, Warley, Fernando, Xuxo, M\u00e1rcia, Sr Lem\u00e1o, Israel como nadadores.<\/p>\n\n\n\n<div class=\"wp-block-comments\">\n\n\n\n\n\n\t<div id=\"respond\" class=\"comment-respond wp-block-post-comments-form\">\n\t\t<h3 id=\"reply-title\" class=\"comment-reply-title\">Leave a Reply <small><a rel=\"nofollow\" id=\"cancel-comment-reply-link\" href=\"\/index.php\/wp-json\/wp\/v2\/pages\/284#respond\" style=\"display:none;\">Cancel reply<\/a><\/small><\/h3><form action=\"https:\/\/picciblog.com.br\/wp-comments-post.php\" method=\"post\" id=\"commentform\" class=\"comment-form\"><p class=\"comment-notes\"><span id=\"email-notes\">Your email address will not be published.<\/span> <span class=\"required-field-message\">Required fields are marked <span class=\"required\">*<\/span><\/span><\/p><p class=\"comment-form-comment\"><label for=\"comment\">Comment <span class=\"required\">*<\/span><\/label> <textarea id=\"comment\" name=\"comment\" cols=\"45\" rows=\"8\" maxlength=\"65525\" required=\"required\"><\/textarea><\/p><p class=\"comment-form-author\"><label for=\"author\">Name <span class=\"required\">*<\/span><\/label> <input id=\"author\" name=\"author\" type=\"text\" value=\"\" size=\"30\" maxlength=\"245\" autocomplete=\"name\" required=\"required\" \/><\/p>\n<p class=\"comment-form-email\"><label for=\"email\">Email <span class=\"required\">*<\/span><\/label> <input id=\"email\" name=\"email\" type=\"text\" value=\"\" size=\"30\" maxlength=\"100\" aria-describedby=\"email-notes\" autocomplete=\"email\" required=\"required\" \/><\/p>\n<p class=\"comment-form-url\"><label for=\"url\">Website<\/label> <input id=\"url\" name=\"url\" type=\"text\" value=\"\" size=\"30\" maxlength=\"200\" autocomplete=\"url\" \/><\/p>\n<p class=\"comment-form-cookies-consent\"><input id=\"wp-comment-cookies-consent\" name=\"wp-comment-cookies-consent\" type=\"checkbox\" value=\"yes\" \/> <label for=\"wp-comment-cookies-consent\">Save my name, email, and website in this browser for the next time I comment.<\/label><\/p>\n<p class=\"form-submit\"><input name=\"submit\" type=\"submit\" id=\"submit\" class=\"submit\" value=\"Post Comment\" \/> <input type='hidden' name='comment_post_ID' value='284' id='comment_post_ID' \/>\n<input type='hidden' name='comment_parent' id='comment_parent' value='0' \/>\n<\/p><\/form>\t<\/div><!-- #respond -->\n\t<\/div>\n","protected":false},"excerpt":{"rendered":"<p>Isla Margarita Venezuela outubro de 20078 Campeonato Sul Americano de Nata\u00e7\u00e3o Master. Sempre no nosso grupo, tem aquele que motiva, seja para um simples jantar, isso para jogar conversa fora, ou mesmo para uma viagem, foi o que aconteceu numa dessas conversas, surgiu \u00e0 ideia de uma viagem para Isla Margarita, imaginando ai, aquelas praias [&hellip;]<\/p>\n","protected":false},"author":1,"featured_media":0,"parent":0,"menu_order":0,"comment_status":"open","ping_status":"closed","template":"","meta":{"saved_in_kubio":false,"om_disable_all_campaigns":false,"_monsterinsights_skip_tracking":false,"_monsterinsights_sitenote_active":false,"_monsterinsights_sitenote_note":"","_monsterinsights_sitenote_category":0,"_uf_show_specific_survey":0,"_uf_disable_surveys":false,"footnotes":""},"class_list":["post-284","page","type-page","status-publish","hentry"],"aioseo_notices":[],"kubio_ai_page_context":{"short_desc":"","purpose":"general"},"_links":{"self":[{"href":"https:\/\/picciblog.com.br\/index.php\/wp-json\/wp\/v2\/pages\/284","targetHints":{"allow":["GET"]}}],"collection":[{"href":"https:\/\/picciblog.com.br\/index.php\/wp-json\/wp\/v2\/pages"}],"about":[{"href":"https:\/\/picciblog.com.br\/index.php\/wp-json\/wp\/v2\/types\/page"}],"author":[{"embeddable":true,"href":"https:\/\/picciblog.com.br\/index.php\/wp-json\/wp\/v2\/users\/1"}],"replies":[{"embeddable":true,"href":"https:\/\/picciblog.com.br\/index.php\/wp-json\/wp\/v2\/comments?post=284"}],"version-history":[{"count":3,"href":"https:\/\/picciblog.com.br\/index.php\/wp-json\/wp\/v2\/pages\/284\/revisions"}],"predecessor-version":[{"id":332,"href":"https:\/\/picciblog.com.br\/index.php\/wp-json\/wp\/v2\/pages\/284\/revisions\/332"}],"wp:attachment":[{"href":"https:\/\/picciblog.com.br\/index.php\/wp-json\/wp\/v2\/media?parent=284"}],"curies":[{"name":"wp","href":"https:\/\/api.w.org\/{rel}","templated":true}]}}