{"id":286,"date":"2024-03-11T23:37:14","date_gmt":"2024-03-12T02:37:14","guid":{"rendered":"https:\/\/picciblog.com.br\/?page_id=286"},"modified":"2024-03-20T20:27:15","modified_gmt":"2024-03-20T23:27:15","slug":"uma-noite-de-opera","status":"publish","type":"page","link":"https:\/\/picciblog.com.br\/index.php\/uma-noite-de-opera\/","title":{"rendered":"UMA NOITE DE OPERA"},"content":{"rendered":"\n<p>UMA NOITE DE OPERA<\/p>\n\n\n\n<p>Jose Claudio Piccirilo<\/p>\n\n\n\n<p>&nbsp;Um certo dia da semana, em algum ano que n\u00e3o me lembro, estava num dilema, vou ou n\u00e3o vou, onde, ao Teatro Vit\u00f3ria, assistir o Concerto com Orquestra Sinf\u00f4nica de Limeira, que por sinal \u00e9 uma senhora orquestra, principalmente quando toca Rock, bom, resolvi, fui e entrei, paguei meia \u00e9 claro, sabe quanto, cinc\u00e3o, muito barato, a sala est\u00e1 na capacidade com \u00be de presentes, que fiz, sentei na \u00faltima fileira, imaginado, bom se n\u00e3o gostar vou saindo de fininho.<\/p>\n\n\n\n<p>Pacientemente aguardei o in\u00edcio do espet\u00e1culo, a orquestra j\u00e1 estava afinando seus instrumentos, houve um silencio total, sentia o som da respira\u00e7\u00e3o, nossa que silencio, ai come\u00e7ou a entrar o coro, as vozes, entra 10 entra mais 10 entra mais 10, nossa o palco tinha no m\u00ednimo uns 130 artistas, tr\u00eas cadeira estavam \u00e0 frente, entrou ent\u00e3o os tenores, 2 homens, e uma mulher, por sinal muito bonita alta elegante vestida rosada tomara que caia, n\u00e3o a conhe\u00e7o, bom em seguida entra o nosso maestro, cheio de charme, muito aplaudido pelos seus sucessos com os concertos de Rock, bom a hora de come\u00e7ar o dito cujo, os tenores \u00e0 frente abre uma brochura ou seja um caderno cheio de folhas, o maestro levanta a batuca come\u00e7a o espet\u00e1culo, som eletrizante inicialmente, pensei agora a coisa pega, da\u00ed foi, 5 minutos, 10 minutos, momentos em que d\u00e1 a entender que acabou, mas n\u00e3o, come\u00e7a tudo outra vez, momento de um sonzinho que vem do fundo, coral grita canta mas n\u00e3o se entende nada, levanta um tenor come\u00e7a a berrar, som baixo, alto, sobe outro parece voz feminina, e ai vai, eu n\u00e3o entendo a brochura, vira pagina, mais pagina, o que est\u00e3o lendo, grita, canta, e passe 15 minutos e passa 20 minutos, fico com sono, acorda com os plat\u00f4s, a plateia silencio absoluto, \u00e0s vezes parava de tocar eu pensava, porque n\u00e3o batem palmas, ai comecei a observar a brochura, enquanto n\u00e3o acabava as folhas n\u00e3o terminava o concerto, e assim aconteceu, quando vi folhear a \u00faltima folha, entendi ufa acho que terminou, e assim aconteceu, perdi a no\u00e7\u00e3o do tempo acho que foi uns 40 minutos o concerto, muito aplaudido, uivos, assobios, palmas dos presentes em p\u00e9, bom agora entendi Opera acho que \u00e9 para quem entende ou para quem quer se relaxar na poltrona tirando uma soneca, com certeza n\u00e3o \u00e9 minha praia, meu negocio com certeza \u00e9 ROCK AND ROLL.<\/p>\n\n\n\n<div class=\"wp-block-comments\">\n\n\n\n\n\n\t<div id=\"respond\" class=\"comment-respond wp-block-post-comments-form\">\n\t\t<h3 id=\"reply-title\" class=\"comment-reply-title\">Leave a Reply <small><a rel=\"nofollow\" id=\"cancel-comment-reply-link\" href=\"\/index.php\/wp-json\/wp\/v2\/pages\/286#respond\" style=\"display:none;\">Cancel reply<\/a><\/small><\/h3><form action=\"https:\/\/picciblog.com.br\/wp-comments-post.php\" method=\"post\" id=\"commentform\" class=\"comment-form\"><p class=\"comment-notes\"><span id=\"email-notes\">Your email address will not be published.<\/span> <span class=\"required-field-message\">Required fields are marked <span class=\"required\">*<\/span><\/span><\/p><p class=\"comment-form-comment\"><label for=\"comment\">Comment <span class=\"required\">*<\/span><\/label> <textarea id=\"comment\" name=\"comment\" cols=\"45\" rows=\"8\" maxlength=\"65525\" required=\"required\"><\/textarea><\/p><p class=\"comment-form-author\"><label for=\"author\">Name <span class=\"required\">*<\/span><\/label> <input id=\"author\" name=\"author\" type=\"text\" value=\"\" size=\"30\" maxlength=\"245\" autocomplete=\"name\" required=\"required\" \/><\/p>\n<p class=\"comment-form-email\"><label for=\"email\">Email <span class=\"required\">*<\/span><\/label> <input id=\"email\" name=\"email\" type=\"text\" value=\"\" size=\"30\" maxlength=\"100\" aria-describedby=\"email-notes\" autocomplete=\"email\" required=\"required\" \/><\/p>\n<p class=\"comment-form-url\"><label for=\"url\">Website<\/label> <input id=\"url\" name=\"url\" type=\"text\" value=\"\" size=\"30\" maxlength=\"200\" autocomplete=\"url\" \/><\/p>\n<p class=\"comment-form-cookies-consent\"><input id=\"wp-comment-cookies-consent\" name=\"wp-comment-cookies-consent\" type=\"checkbox\" value=\"yes\" \/> <label for=\"wp-comment-cookies-consent\">Save my name, email, and website in this browser for the next time I comment.<\/label><\/p>\n<p class=\"form-submit\"><input name=\"submit\" type=\"submit\" id=\"submit\" class=\"submit\" value=\"Post Comment\" \/> <input type='hidden' name='comment_post_ID' value='286' id='comment_post_ID' \/>\n<input type='hidden' name='comment_parent' id='comment_parent' value='0' \/>\n<\/p><\/form>\t<\/div><!-- #respond -->\n\t<\/div>\n","protected":false},"excerpt":{"rendered":"<p>UMA NOITE DE OPERA Jose Claudio Piccirilo &nbsp;Um certo dia da semana, em algum ano que n\u00e3o me lembro, estava num dilema, vou ou n\u00e3o vou, onde, ao Teatro Vit\u00f3ria, assistir o Concerto com Orquestra Sinf\u00f4nica de Limeira, que por sinal \u00e9 uma senhora orquestra, principalmente quando toca Rock, bom, resolvi, fui e entrei, paguei [&hellip;]<\/p>\n","protected":false},"author":1,"featured_media":0,"parent":0,"menu_order":0,"comment_status":"open","ping_status":"closed","template":"","meta":{"saved_in_kubio":false,"om_disable_all_campaigns":false,"_monsterinsights_skip_tracking":false,"_monsterinsights_sitenote_active":false,"_monsterinsights_sitenote_note":"","_monsterinsights_sitenote_category":0,"_uf_show_specific_survey":0,"_uf_disable_surveys":false,"footnotes":""},"class_list":["post-286","page","type-page","status-publish","hentry"],"aioseo_notices":[],"kubio_ai_page_context":{"short_desc":"","purpose":"general"},"_links":{"self":[{"href":"https:\/\/picciblog.com.br\/index.php\/wp-json\/wp\/v2\/pages\/286","targetHints":{"allow":["GET"]}}],"collection":[{"href":"https:\/\/picciblog.com.br\/index.php\/wp-json\/wp\/v2\/pages"}],"about":[{"href":"https:\/\/picciblog.com.br\/index.php\/wp-json\/wp\/v2\/types\/page"}],"author":[{"embeddable":true,"href":"https:\/\/picciblog.com.br\/index.php\/wp-json\/wp\/v2\/users\/1"}],"replies":[{"embeddable":true,"href":"https:\/\/picciblog.com.br\/index.php\/wp-json\/wp\/v2\/comments?post=286"}],"version-history":[{"count":2,"href":"https:\/\/picciblog.com.br\/index.php\/wp-json\/wp\/v2\/pages\/286\/revisions"}],"predecessor-version":[{"id":333,"href":"https:\/\/picciblog.com.br\/index.php\/wp-json\/wp\/v2\/pages\/286\/revisions\/333"}],"wp:attachment":[{"href":"https:\/\/picciblog.com.br\/index.php\/wp-json\/wp\/v2\/media?parent=286"}],"curies":[{"name":"wp","href":"https:\/\/api.w.org\/{rel}","templated":true}]}}