{"id":288,"date":"2024-03-11T23:38:31","date_gmt":"2024-03-12T02:38:31","guid":{"rendered":"https:\/\/picciblog.com.br\/?page_id=288"},"modified":"2024-03-16T10:00:00","modified_gmt":"2024-03-16T13:00:00","slug":"como-vejo-santos-2","status":"publish","type":"page","link":"https:\/\/picciblog.com.br\/index.php\/como-vejo-santos-2\/","title":{"rendered":"COMO VEJO SANTOS"},"content":{"rendered":"\n<p><strong>COMO VEJO SANTOS<\/strong><\/p>\n\n\n\n<p><strong>Cr\u00f4nica: Jose Claudio Piccirilo<\/strong><\/p>\n\n\n\n<p>Santos, considerado o maior jardim de praia do mundo, registrado pelo Guinness World Records. Com privilegiada posi\u00e7\u00e3o, com jardim cujo verdadeiro cart\u00e3o postal da cidade, nos seus sete quil\u00f4metros de praia, em toda orla, temos a ponta da praia e de outro lado quebra mar, ao longo do espa\u00e7o, s\u00e3o praias iniciando no aqu\u00e1rio, com pouca faixa de terra, e ao longo aumentando a faixa, ente os canais 1, 2, 3, 4 e 5, com extens\u00f5es de faixas chegando de 200 a 300 metros de areia, onde se praticam todos tipos de atividades esportivas, bonito ver o p\u00f4r do sol e a movimenta\u00e7\u00e3o ao longo, as modalidades esportivas. Ponta da praia, ponto tur\u00edstico Mercado de peixes, ali realmente se compra os melhores peixes, e temos o Porto de Santos, falar do Porto \u00e9 covardia, localizado estrategicamente, a 70 kim do maior centro produtor e consumidor da Am\u00e9rica Latina, S\u00e3o Paulo, segundo maior porto da Am\u00e9rica Latina, movimentando milh\u00f5es de toneladas de bens e mercadorias, como tamb\u00e9m milh\u00f5es de passageiros em cruzeiros pelos mares do Brasil. Do outro lado o Quebra Mar, praia frequentada por surfistas, de julho a dezembro a mar\u00e9 alta, d\u00e1 condi\u00e7\u00e3o de pegar ondas boas, l\u00e1 encontra o Museo Japon\u00eas, nome dado pelo primeiro navio de nome Kasato Maru, navio russo de nome Kazam, foi utilizado como navio-hospital durante a Guerra Russo-Japonesa em 1904, quando terminou o conflito, este passado para o Jap\u00e3o como indeniza\u00e7\u00e3o de guerra, em 1906 o navio trazia os imigrantes japoneses para o Havai. Em 1908 trouxe primeiro grupo oficial nip\u00f4nicos para o Brasil, imigrantes que vieram trabalhar nos cafezais paulistas., hoje essa pra\u00e7a totalmente remodelada, traz v\u00e1rias atra\u00e7\u00f5es, principalmente crian\u00e7as, pistas de skates, inclusive recentemente inaugurada, uma das maiores do brasil, atra\u00e7\u00e3o com fontes, muito legal o lugar, mais bem vista do p\u00f4r do sol.<\/p>\n\n\n\n<p>No canal 5 encontra-se um navio naufragado, trata-se do Veleiro Kestrel, encalhado h\u00e1 mais de 100 anos, quando a mar\u00e9 est\u00e1 baixa, d\u00e1 perfeitamente ver os destro\u00e7os embaixo da ponte onde divide o canal, at\u00e9 acredito que daqui alguns anos, sei quanto, mas, digamos uns 50 anos, o mar vai com certeza ocupar seu lugar.<\/p>\n\n\n\n<p>Logicamente a praia em especial as mais queridas pelos turistas com certeza \u00e9 a Praia do Gonzaga, onde pela localiza\u00e7\u00e3o privilegiada, encontram-se; shopping, bares, restaurantes diversos tipos de comidas, uma das ruas mais badaladas de Santos \u00e9 a Rua Tolentino Figueiras, bem no centro do Gonzaga, l\u00e1 voc\u00ea vai encontrar&nbsp;<strong>v\u00e1rios bares e restaurantes<\/strong>, de japon\u00eas \u00e0 pizzaria, de botecos a padarias,&nbsp;para todos os tipos de bolsos e gostos, seja de dia, ou a noite.<\/p>\n\n\n\n<p>&nbsp;Saindo das praias, vale a pena passear no centro, pela Cafeteria do Museu, al\u00e9m do melhor cafezinho, recebido com um cora\u00e7\u00e3o, no escopo da xicara, depois de provar a bebida, \u00e9 hora de conhecer o museu e toda historio de Santos, vale a pena. No centro mesmo, conhecido pela pra\u00e7a do Valongo, temos o Museo do Pel\u00e9, sem d\u00favidas conhecer a historio do \u00eddolo, imperd\u00edvel. L\u00e1 mesmo temos o bondinho hist\u00f3rico considerado um cart\u00e3o postal da cidade, passeio de 5 kim, saindo da pra\u00e7a Mau\u00e1, passando por 18 pontos da \u00e1rea central, tem mais ou menos 40 minutos seu trajeto.<\/p>\n\n\n\n<p>No centro tamb\u00e9m pode subir no morro Monte Serrat, de funicular, idealizado por imigrantes espanh\u00f3is, o sistema de bonde come\u00e7ou a ser constru\u00eddo em 1910, mas a Primeira Guerra Mundial comprometeu as importa\u00e7\u00f5es e o projeto s\u00f3 foi conclu\u00eddo em junho 1927. Nessa \u00e9poca, os bondinhos eram fechados por cortinas para preservar a identidade da boemia santista, que<\/p>\n\n\n\n<p>terminava a noite no Monte Serrat, assistindo a shows com artistas de renome, como Carmen Miranda, Francisco Alves e S\u00edlvio Caldas. Com materiais nobres, como m\u00e1rmore deCarrara, vitrais belgas, cortinas e tapetes franceses, prataria e cristais da Europa, a casa noturna era conhecida at\u00e9 no exterior e servia como ponto de refer\u00eancia para os turistas.&nbsp;&nbsp;&nbsp;<\/p>\n\n\n\n<p>Tr\u00eas meses depois de inaugurados bondinhos e o sal\u00e3o de festas, o pr\u00e9dio do complexo do Monte Serrat passou a abrigar, em setembro de 1927, um cassino &#8211; ele funcionou at\u00e9 1946, quando o governo federal proibiu o jogo no pa\u00eds. Reformado em 1998, o antigo cassino \u00e9 espa\u00e7o para eventos sociais e culturais, disp\u00f5e de cafeteria e conta com mirante e dois curiosos espelhos.<\/p>\n\n\n\n<p>O Aqu\u00e1rio Municipal de Santos, na ponta da praia, muito visitados por turistas e estudantes, em uma \u00e1rea de 2000 metros quadrados, com mais de 200 esp\u00e9cies de animais, entre tanques de \u00e1gua doce e salgada, sugest\u00e3o vale a pena conhecer.<\/p>\n\n\n\n<p><em>&nbsp;<\/em>Mas, como toda cidade grande, hoje Santos conta com muitos moradores de rua, realmente n\u00e3o se tem um programa de governo local, olhando para essas pessoas, que, muitas vezes pessoas sem familia, sem moradia, pedintes em todos os lugares na cidade, principalmente em locais de restaurantes e padarias, lado bem negativo da cidade, e ali v\u00e3o ficando, tem banheiros, ao longo das praias, chuveiros, e muitos bancos para dormirem.<\/p>\n\n\n\n<p>Agora, com certeza \u00e9 a cidade de petiz, como tem cachorros, idosos tamb\u00e9m n\u00e3o ficam para traz, n\u00e3o sei se tem mais idosos ou cachorros, muitas vezes vejo um idoso, puxando no m\u00ednimo dois cachorros, muito cuidado em andar pelas cal\u00e7adas ao longo das praias, poder\u00e1 pisar em cocos de cachorros, &nbsp;enfim cidade hospitaleira, mar, logicamente n\u00e3o \u00e9 aquele de \u00e1guas verdinha, mas, com certeza entre uma bra\u00e7ada e outra, entre uma caipirinha e uma Heineken, &nbsp;e um bom papo entre amigos praianos, afinal a gente n\u00e3o \u00e9 de ferro.<\/p>\n\n\n\n<div class=\"wp-block-comments\">\n\n\n\n\n\n\t<div id=\"respond\" class=\"comment-respond wp-block-post-comments-form\">\n\t\t<h3 id=\"reply-title\" class=\"comment-reply-title\">Leave a Reply <small><a rel=\"nofollow\" id=\"cancel-comment-reply-link\" href=\"\/index.php\/wp-json\/wp\/v2\/pages\/288#respond\" style=\"display:none;\">Cancel reply<\/a><\/small><\/h3><form action=\"https:\/\/picciblog.com.br\/wp-comments-post.php\" method=\"post\" id=\"commentform\" class=\"comment-form\"><p class=\"comment-notes\"><span id=\"email-notes\">Your email address will not be published.<\/span> <span class=\"required-field-message\">Required fields are marked <span class=\"required\">*<\/span><\/span><\/p><p class=\"comment-form-comment\"><label for=\"comment\">Comment <span class=\"required\">*<\/span><\/label> <textarea id=\"comment\" name=\"comment\" cols=\"45\" rows=\"8\" maxlength=\"65525\" required=\"required\"><\/textarea><\/p><p class=\"comment-form-author\"><label for=\"author\">Name <span class=\"required\">*<\/span><\/label> <input id=\"author\" name=\"author\" type=\"text\" value=\"\" size=\"30\" maxlength=\"245\" autocomplete=\"name\" required=\"required\" \/><\/p>\n<p class=\"comment-form-email\"><label for=\"email\">Email <span class=\"required\">*<\/span><\/label> <input id=\"email\" name=\"email\" type=\"text\" value=\"\" size=\"30\" maxlength=\"100\" aria-describedby=\"email-notes\" autocomplete=\"email\" required=\"required\" \/><\/p>\n<p class=\"comment-form-url\"><label for=\"url\">Website<\/label> <input id=\"url\" name=\"url\" type=\"text\" value=\"\" size=\"30\" maxlength=\"200\" autocomplete=\"url\" \/><\/p>\n<p class=\"comment-form-cookies-consent\"><input id=\"wp-comment-cookies-consent\" name=\"wp-comment-cookies-consent\" type=\"checkbox\" value=\"yes\" \/> <label for=\"wp-comment-cookies-consent\">Save my name, email, and website in this browser for the next time I comment.<\/label><\/p>\n<p class=\"form-submit\"><input name=\"submit\" type=\"submit\" id=\"submit\" class=\"submit\" value=\"Post Comment\" \/> <input type='hidden' name='comment_post_ID' value='288' id='comment_post_ID' \/>\n<input type='hidden' name='comment_parent' id='comment_parent' value='0' \/>\n<\/p><\/form>\t<\/div><!-- #respond -->\n\t<\/div>\n","protected":false},"excerpt":{"rendered":"<p>COMO VEJO SANTOS Cr\u00f4nica: Jose Claudio Piccirilo Santos, considerado o maior jardim de praia do mundo, registrado pelo Guinness World Records. Com privilegiada posi\u00e7\u00e3o, com jardim cujo verdadeiro cart\u00e3o postal da cidade, nos seus sete quil\u00f4metros de praia, em toda orla, temos a ponta da praia e de outro lado quebra mar, ao longo do [&hellip;]<\/p>\n","protected":false},"author":1,"featured_media":0,"parent":0,"menu_order":0,"comment_status":"open","ping_status":"closed","template":"","meta":{"saved_in_kubio":false,"om_disable_all_campaigns":false,"_monsterinsights_skip_tracking":false,"_monsterinsights_sitenote_active":false,"_monsterinsights_sitenote_note":"","_monsterinsights_sitenote_category":0,"_uf_show_specific_survey":0,"_uf_disable_surveys":false,"footnotes":""},"class_list":["post-288","page","type-page","status-publish","hentry"],"aioseo_notices":[],"kubio_ai_page_context":{"short_desc":"","purpose":"general"},"_links":{"self":[{"href":"https:\/\/picciblog.com.br\/index.php\/wp-json\/wp\/v2\/pages\/288","targetHints":{"allow":["GET"]}}],"collection":[{"href":"https:\/\/picciblog.com.br\/index.php\/wp-json\/wp\/v2\/pages"}],"about":[{"href":"https:\/\/picciblog.com.br\/index.php\/wp-json\/wp\/v2\/types\/page"}],"author":[{"embeddable":true,"href":"https:\/\/picciblog.com.br\/index.php\/wp-json\/wp\/v2\/users\/1"}],"replies":[{"embeddable":true,"href":"https:\/\/picciblog.com.br\/index.php\/wp-json\/wp\/v2\/comments?post=288"}],"version-history":[{"count":2,"href":"https:\/\/picciblog.com.br\/index.php\/wp-json\/wp\/v2\/pages\/288\/revisions"}],"predecessor-version":[{"id":308,"href":"https:\/\/picciblog.com.br\/index.php\/wp-json\/wp\/v2\/pages\/288\/revisions\/308"}],"wp:attachment":[{"href":"https:\/\/picciblog.com.br\/index.php\/wp-json\/wp\/v2\/media?parent=288"}],"curies":[{"name":"wp","href":"https:\/\/api.w.org\/{rel}","templated":true}]}}