{"id":290,"date":"2024-03-11T23:41:12","date_gmt":"2024-03-12T02:41:12","guid":{"rendered":"https:\/\/picciblog.com.br\/?page_id=290"},"modified":"2024-03-20T23:16:16","modified_gmt":"2024-03-21T02:16:16","slug":"pandemia","status":"publish","type":"page","link":"https:\/\/picciblog.com.br\/index.php\/pandemia\/","title":{"rendered":"PANDEMIA"},"content":{"rendered":"\n<p>Cronica de Jos\u00e9 Claudio Piccirilo<\/p>\n\n\n\n<p>Essa noite entre devaneios, tive um sonho t\u00e3o real, que um v\u00edrus letal assolou nosso pais, contemplou um distanciamento social entre os povos dos cinco continentes, e a terra parou, e para evitar a propaga\u00e7\u00e3o, houve reclus\u00e3o, principalmente aos velhos mais propensos a dissemina\u00e7\u00e3o, e como explicar ao idoso que vivera em sua vida outras epidemias com essa restri\u00e7\u00e3o, ruas vazias somente filas em hospitais para cuidar dos doentes, mortes aconteciam diariamente no mundo todo, se viam pilhas de caix\u00f5es, algumas vezes tendo que escolher essa op\u00e7\u00e3o, viver e morrer era a quest\u00e3o, familiares sem despedir dos entes queridos por eles amados, crian\u00e7as proibidas a irem \u00e0s escolas, jovens as faculdades, pais com raras exce\u00e7\u00f5es podiam trabalhar, comercio fechou, supermercados davam o sustento familiar, abra\u00e7os e apertos de m\u00e3o proibidos pela contamina\u00e7\u00e3o, a falta de abra\u00e7o dos pais dos irm\u00e3os dos amigos, principalmente o aperto e carinho dos avos, ao neto o beijo e o olhar pela lente do celular, Prefeitos, Governadores e Presidente atrav\u00e9s de um decreto ditando a na\u00e7\u00e3o e restringindo ao cidad\u00e3o o que ele podia fazer ou n\u00e3o, como se n\u00e3o houvesse uma constitui\u00e7\u00e3o, que preza a liberdade de express\u00e3o mas privando o direito de ter uma uni\u00e3o, essa pandemia mostrou como somos insignificantes, dependentes da solid\u00e3o, aos governos que existiam pobres e moradores de rua onde houve a preocupa\u00e7\u00e3o, e atrav\u00e9s de um ato magico distribuindo milh\u00f5es, como outrora n\u00e3o existisse, a categoria dessa exclus\u00e3o, sem aval de senadores, deputados e vereadores, onde o rico preso em sua mans\u00e3o, visse o motoboy, lixeiros, faxineiras, jardineiros, porteiros, her\u00f3is como sua solu\u00e7\u00e3o, crist\u00e3os, ateus, judeus, sem cerimonias, cultos e obla\u00e7\u00e3o presos em sua f\u00e9 ditando em ora\u00e7\u00f5es, m\u00e9dicos, enfermeiros, agentes de sa\u00fade lutando contra um v\u00edrus mortal, mesmo com diverg\u00eancias e confronto de opini\u00f5es, nessa guerra n\u00e3o tinham armas contra inimigo, seu receitu\u00e1rio era ficar longe do amigo, embora distante um do outro, haviam uma uni\u00e3o, na batalha contra o v\u00edrus sem tiros de revolver ou de canh\u00e3o, humildade e solidariedade sempre com raz\u00e3o, e, no sono mais profundo, veio como alento, a inspira\u00e7\u00e3o e versos de Drumont; E agora, Jos\u00e9? A festa acabou, a luz apagou, o povo sumiu, a noite esfriou, e agora, Jos\u00e9? e agora, voc\u00ea ? voc\u00ea que \u00e9 sem nome, que zomba dos outros ,voc\u00ea que faz versos, que ama, protesta? e agora, Jos\u00e9? Est\u00e1 sem mulher, est\u00e1 sem discurso, est\u00e1 sem carinho, j\u00e1 n\u00e3o pode beber, j\u00e1 n\u00e3o pode fumar, cuspir j\u00e1 n\u00e3o pode, a noite esfriou, o dia n\u00e3o veio, o bonde n\u00e3o veio, o riso n\u00e3o veio, n\u00e3o veio a utopia e tudo acabou e tudo fugiu e tudo mofou, e agora, Jos\u00e9? E agora, Jos\u00e9? Sua doce palavra, seu instante de febre, sua gula e jejum, sua biblioteca, sua lavra de ouro, seu terno de vidro, sua incoer\u00eancia, seu \u00f3dio \u2014 e agora? Com a chave na m\u00e3o quer abrir a porta, n\u00e3o existe porta; quer morrer no mar, mas o mar secou; quer ir para Minas, Minas n\u00e3o h\u00e1 mais Jos\u00e9, e agora? Se voc\u00ea gritasse, se voc\u00ea gemesse, se voc\u00ea tocasse a valsa vienense, se voc\u00ea dormisse, se voc\u00ea cansasse, se voc\u00ea morresse. Mas, voc\u00ea n\u00e3o morre, voc\u00ea \u00e9 duro, Jos\u00e9! Sozinho no escuro qual bicho-do-mato, sem teogonia, sem parede nua para se encostar, sem cavalo preto que fuja a galope, voc\u00ea marcha, pouco tempo depois n\u00e3o havia a dissemina\u00e7\u00e3o, e povo feliz a sair nas ruas abra\u00e7ando a multid\u00e3o. E, j\u00e1 acordado, sentado em meu colch\u00e3o, me vi em reflex\u00e3o, precisar\u00edamos passar por tudo isso para chegar \u00e0 Perfei\u00e7\u00e3o.<\/p>\n\n\n\n<p class=\"has-text-align-right\">Mar\u00e7o de 2020.<\/p>\n\n\n\n<div class=\"wp-block-comments\">\n\n\n\n\n\n\t<div id=\"respond\" class=\"comment-respond wp-block-post-comments-form\">\n\t\t<h3 id=\"reply-title\" class=\"comment-reply-title\">Leave a Reply <small><a rel=\"nofollow\" id=\"cancel-comment-reply-link\" href=\"\/index.php\/wp-json\/wp\/v2\/pages\/290#respond\" style=\"display:none;\">Cancel reply<\/a><\/small><\/h3><form action=\"https:\/\/picciblog.com.br\/wp-comments-post.php\" method=\"post\" id=\"commentform\" class=\"comment-form\"><p class=\"comment-notes\"><span id=\"email-notes\">Your email address will not be published.<\/span> <span class=\"required-field-message\">Required fields are marked <span class=\"required\">*<\/span><\/span><\/p><p class=\"comment-form-comment\"><label for=\"comment\">Comment <span class=\"required\">*<\/span><\/label> <textarea id=\"comment\" name=\"comment\" cols=\"45\" rows=\"8\" maxlength=\"65525\" required=\"required\"><\/textarea><\/p><p class=\"comment-form-author\"><label for=\"author\">Name <span class=\"required\">*<\/span><\/label> <input id=\"author\" name=\"author\" type=\"text\" value=\"\" size=\"30\" maxlength=\"245\" autocomplete=\"name\" required=\"required\" \/><\/p>\n<p class=\"comment-form-email\"><label for=\"email\">Email <span class=\"required\">*<\/span><\/label> <input id=\"email\" name=\"email\" type=\"text\" value=\"\" size=\"30\" maxlength=\"100\" aria-describedby=\"email-notes\" autocomplete=\"email\" required=\"required\" \/><\/p>\n<p class=\"comment-form-url\"><label for=\"url\">Website<\/label> <input id=\"url\" name=\"url\" type=\"text\" value=\"\" size=\"30\" maxlength=\"200\" autocomplete=\"url\" \/><\/p>\n<p class=\"comment-form-cookies-consent\"><input id=\"wp-comment-cookies-consent\" name=\"wp-comment-cookies-consent\" type=\"checkbox\" value=\"yes\" \/> <label for=\"wp-comment-cookies-consent\">Save my name, email, and website in this browser for the next time I comment.<\/label><\/p>\n<p class=\"form-submit\"><input name=\"submit\" type=\"submit\" id=\"submit\" class=\"submit\" value=\"Post Comment\" \/> <input type='hidden' name='comment_post_ID' value='290' id='comment_post_ID' \/>\n<input type='hidden' name='comment_parent' id='comment_parent' value='0' \/>\n<\/p><\/form>\t<\/div><!-- #respond -->\n\t<\/div>\n","protected":false},"excerpt":{"rendered":"<p>Cronica de Jos\u00e9 Claudio Piccirilo Essa noite entre devaneios, tive um sonho t\u00e3o real, que um v\u00edrus letal assolou nosso pais, contemplou um distanciamento social entre os povos dos cinco continentes, e a terra parou, e para evitar a propaga\u00e7\u00e3o, houve reclus\u00e3o, principalmente aos velhos mais propensos a dissemina\u00e7\u00e3o, e como explicar ao idoso que [&hellip;]<\/p>\n","protected":false},"author":1,"featured_media":0,"parent":0,"menu_order":0,"comment_status":"open","ping_status":"closed","template":"","meta":{"saved_in_kubio":false,"om_disable_all_campaigns":false,"_monsterinsights_skip_tracking":false,"_monsterinsights_sitenote_active":false,"_monsterinsights_sitenote_note":"","_monsterinsights_sitenote_category":0,"_uf_show_specific_survey":0,"_uf_disable_surveys":false,"footnotes":""},"class_list":["post-290","page","type-page","status-publish","hentry"],"aioseo_notices":[],"kubio_ai_page_context":{"short_desc":"","purpose":"general"},"_links":{"self":[{"href":"https:\/\/picciblog.com.br\/index.php\/wp-json\/wp\/v2\/pages\/290","targetHints":{"allow":["GET"]}}],"collection":[{"href":"https:\/\/picciblog.com.br\/index.php\/wp-json\/wp\/v2\/pages"}],"about":[{"href":"https:\/\/picciblog.com.br\/index.php\/wp-json\/wp\/v2\/types\/page"}],"author":[{"embeddable":true,"href":"https:\/\/picciblog.com.br\/index.php\/wp-json\/wp\/v2\/users\/1"}],"replies":[{"embeddable":true,"href":"https:\/\/picciblog.com.br\/index.php\/wp-json\/wp\/v2\/comments?post=290"}],"version-history":[{"count":2,"href":"https:\/\/picciblog.com.br\/index.php\/wp-json\/wp\/v2\/pages\/290\/revisions"}],"predecessor-version":[{"id":334,"href":"https:\/\/picciblog.com.br\/index.php\/wp-json\/wp\/v2\/pages\/290\/revisions\/334"}],"wp:attachment":[{"href":"https:\/\/picciblog.com.br\/index.php\/wp-json\/wp\/v2\/media?parent=290"}],"curies":[{"name":"wp","href":"https:\/\/api.w.org\/{rel}","templated":true}]}}