{"id":368,"date":"2025-02-07T21:32:13","date_gmt":"2025-02-08T00:32:13","guid":{"rendered":"https:\/\/picciblog.com.br\/?page_id=368"},"modified":"2025-02-07T21:32:14","modified_gmt":"2025-02-08T00:32:14","slug":"o-pais-mais-feliz-do-mundo","status":"publish","type":"page","link":"https:\/\/picciblog.com.br\/index.php\/o-pais-mais-feliz-do-mundo\/","title":{"rendered":"\u00a0&#8220;O Pa\u00eds mais feliz do Mundo\u201d\u00a0"},"content":{"rendered":"\n<p class=\"has-text-align-left\">Era dezembro quando eu, Jos\u00e9, embarquei em uma aventura de sonho: uma viagem \u00e0 Finl\u00e2ndia. Meu destino era Helsinki, a capital gelada e encantadora, terra das mil ilhas, e sauna para cada habitante. Ao desembarcar no aeroporto de Helsinki-Vantaa, senti o ar gelado cortar meu rosto. A neve cobria tudo, como um manto branco. Peguei meu casaco e sa\u00ed em busca de aventuras. Helsinki me recebeu com sua arquitetura moderna e elegante, pa\u00eds que tornou independente da R\u00fassia em 1917, encontrei j\u00e1 no aeroporto com Felipe um brasileiro migrante, ele me contou sobre a cultura local e me levou a experimentar a culin\u00e1ria t\u00edpica, Poronkaristys, um prato t\u00edpico de carne de rena (viado) coberta por pur\u00ea de batata, prato saud\u00e1vel onde a carne \u00e9 nutritiva, isto na pra\u00e7a do mercado central em Helsinki, ali mesmo\u00a0 visitamos bel\u00edssima\u00a0 Catedral de Helsinki,\u00a0 igreja luterana seguida por mais de 80% da sua popula\u00e7\u00e3o, um \u00edcone da cidade,\u00a0 nessa epoca do Natal na pra\u00e7a \u00e9 tomada por barracas t\u00edpicas, comercio e produtos de animais nativos, bebi um chocolate quente saboreando um doce caseiro, eu como um curioso sempre indagando-o, afinal precisava encontrar elementos subjetivos para concluir de onde afinal chegar ao t\u00edtulo novamente conquistado pela s\u00e9tima vez, \u201cO Pa\u00eds mais feliz do mundo\u201d, e agora, porque n\u00e3o visitar um bunker onde tem piscinas, tobo\u00e1guas, hidrogin\u00e1sticas e saunas, constru\u00eddas\u00a0 no subterr\u00e2neo, na piscina tive a sensa\u00e7\u00e3o em dar algumas bra\u00e7adas na temperatura de 28 graus, experimentando a tradicional sauna finlandesa, relaxando em temperaturas altas mas sem mergulho no lago congelado, por falar em bunker, Helsinki, cidade subterr\u00e2nea atualmente abrigando pistas de Karts, parques aqu\u00e1ticos e muitos outros, por\u00e9m n\u00e3o tive a oportunidade de conhece-los todos, pode tornar abrigos em poucos dias diante de uma guerra,\u00a0 colocando em seguran\u00e7a toda popula\u00e7\u00e3o da cidade, at\u00e9 mesmo em se falando de guerra nuclear caso venha acontecer. Vamos para o transportes, metros, \u00f4nibus, bondes todos\u00a0 compartilhados diante de um hor\u00e1rio milimetricamente pontual, independentemente do tempo, principalmente no inverno, onde a temperatura cai drasticamente em torno de menos 15 graus em alguns dias, diante de uma m\u00e9dia de \u2013 0 a 3, 5 positivas, um detalhe o metro n\u00e3o tem catracas, cada cidad\u00e3o ou turistas, ou tem o app, ou tickets pagos nas esta\u00e7\u00f5es 1,60 euros para uma hora e trinta minutos, com pouca fiscaliza\u00e7\u00e3o, a consci\u00eancia \u00e9 de cada um, com muito cuidado, caso pego sem comprovantes a multa \u00e9 de 100 euros, caminhando pelas cal\u00e7adas,\u00a0 muita neve, e quando cai chuviscos deixando placas de gelos, tornando escorregadios,\u00a0 muito embora diariamente os trabalhos de retiradas de montanhas de neve e gelos que ficam pelas cal\u00e7adas, e os cuidados com os cidad\u00e3os, colocando pedriscos para que os mesmos tenham plena seguran\u00e7a em andar, sentindo a cultura local que faixa de pedestre \u00e9 exatamente faixa de pedestre. Quando a neve cai a sensa\u00e7\u00e3o\u00a0\u00a0<\/p>\n\n\n\n<p class=\"has-text-align-left\">\u00e9 indescrit\u00edvel caminhando pelos bosques, lagos e o mar b\u00e1ltico, onde algumas curiosidades pude presenciar, em trechos \u00e0 frente do mar s\u00e3o reservados para c\u00e3es de porte grandes, m\u00e9dios e c\u00e3es de porte pequenos, que no ver\u00e3o se refrescam em suas \u00e1guas quentes. Temperaturas muito baixas e mar totalmente congelados, pisando sobre as \u00e1guas sentindo um Deus, onde ele andou pelo mar da galileia e eu pelo mar b\u00e1ltico.&nbsp;<\/p>\n\n\n\n<p class=\"has-text-align-left\">Vamos dar um intervalo em Helsinki, que tal fazer uma visita a Paris, a capital da Fran\u00e7a, \u00e9 mundialmente famosa por muitas raz\u00f5es sua arquitetura ic\u00f4nica, culin\u00e1ria deliciosa e sua hist\u00f3ria rica. No entanto, um dos apelidos mais conhecidos de Paris \u00e9 \u201cCidade Luz\u201d, come\u00e7a a peregrina\u00e7\u00e3o, de fato andar p\u00e9 pelo centro oportunidade de conhecer os pontos tur\u00edsticos; come\u00e7ando pelo Museu do Louvre passeando pela Pir\u00e2mide de vidro me sentindo o ator Ton Hanks como Robert na trilogia do C\u00f3digo da Vince, em busca do famoso Santo Graal,&nbsp; seguindo at\u00e9 a Catedral de Notre Dame tendo felicidade de conhecer seu interior, depois de alguns anos fechada pelo inc\u00eandio ocasionado em 15 de abril de 2019 com reabertura em novembro de 2024, dentro do tempo religioso a sensa\u00e7\u00e3o \u00b4com certeza \u00e9 indescrit\u00edvel a f\u00e9 toma conta do seu corpo, e resta somente a agradecer \u00e0 Deus, a oportunidade de estar presente em uma das mais antigas Catedrais g\u00f3ticas constru\u00edda em 1163, dedicada a Virgem Maria,&nbsp; andando mais um pouco temos a torre Eiffel sem entrar muito em dados hist\u00f3ricos, um s\u00edmbolo de Paris e da Fran\u00e7a e \u2018o monumento imperd\u00edvel a visitar quando estar na cidade, proximo Arco do Triunfo monumento mais representativo de Paris significando&nbsp; vit\u00f3rias do ex\u00e9rcito franc\u00eas sobre o comando de Napole\u00e3o, que tal agora andar pela Champes \u00c9lyse\u00e9s com quase dois quil\u00f4metros de extens\u00e3o, a\u202fChamps\u202f\u00c9lysees \u00e9 a mais bonita e conhecida via de Paris e uma das avenidas famosas do mundo, vibrante pelo seu comercio, lojas departamentos maioria grifes internacionais, ao entardecer nessa \u00e9poca se torna maravilhosa com esplendor de suas luzes ao longo da avenida, andando pela cal\u00e7ada n\u00e3o poderia deixar de tomar um caf\u00e9 e macaron pequeno biscoito de sabores variados, redondo e crocante de dar agua na boca&nbsp; numa charmosa cafeteira. Dia seguinte, visitamos a Bas\u00edlica de Sacr\u00e9 de Coeur constru\u00edda toda em m\u00e1rmore branca em seu interior, na sua torre abriga o sino mais pesado do mundo chegando a mais de 20 toneladas, seguindo adiante at\u00e9 o Jardim de Luxemburgo, muita \u00e1rea verde com seus 22.000 metros quadrados caminhando pelo jardim encontrando uma cole\u00e7\u00e3o exuberante de estatuas. Voltando \u00e0 Helsinki.&nbsp;<\/p>\n\n\n\n<p class=\"has-text-align-left\">Helsinki, Su\u00e9cia e Est\u00f4nia, praticamente tr\u00eas fronteiras, que tal Su\u00e9cia, meio de locomo\u00e7\u00e3o Navio Silja Symphony de Helsinki a Estocolmo cruzeiro operando de entre essas cidades, passageiros e transportes de ve\u00edculos saindo diariamente, simplesmente reservando pelo app e retirando o ticket\u00a0 nos guich\u00eas da Marina, e seguir viagem sem checkin\u00a0 e nem checkout. N\u00e3o entrando nos m\u00e9ritos\u00a0 conceitos hist\u00f3ricos, apenas como turista, caminhando pelo centro hist\u00f3rico seguindo at\u00e9 o Palacio Real com bel\u00edssima troca de guardas frente ao referido,\u00a0 o frio neste dia estava insuport\u00e1vel, temperaturas muito baixas, buscando aquecimento no \u201cVete-Katten\u201d, um cafeteria requintada desde 1920, servindo caf\u00e9s, doces, um dos pontos tur\u00edsticos mais visitados em Estocolmo.\u00a0<\/p>\n\n\n\n<p class=\"has-text-align-left\">De volta para Helsinki com uma frusta\u00e7\u00e3o de n\u00e3o testemunhar o espet\u00e1culo da Aurora Boreal, dan\u00e7ando no c\u00e9u noturno em faixas luzes coloridas, qui\u00e7\u00e1 um dia. Ap\u00f3s um tempo, era hora de partir. Felipe me acompanhou ao aeroporto, obrigado disse eu, agradecendo a hospitalidade.&nbsp;<\/p>\n\n\n\n<p class=\"has-text-align-left\">Uma reflex\u00e3o A Finl\u00e2ndia me ensinou sobre resili\u00eancia, hospitalidade e beleza em meio ao frio. Levei comigo memorias inesquec\u00edveis e um peda\u00e7o do cora\u00e7\u00e3o finland\u00eas, com certeza de uma experiencia \u00fanica.\u00a0\u00a0<\/p>\n\n\n\n<p>Dezembro 2024&nbsp;<\/p>\n\n\n\n<p>Jose C Piccirilo.&nbsp;<\/p>\n","protected":false},"excerpt":{"rendered":"<p>Era dezembro quando eu, Jos\u00e9, embarquei em uma aventura de sonho: uma viagem \u00e0 Finl\u00e2ndia. Meu destino era Helsinki, a capital gelada e encantadora, terra das mil ilhas, e sauna para cada habitante. Ao desembarcar no aeroporto de Helsinki-Vantaa, senti o ar gelado cortar meu rosto. A neve cobria tudo, como um manto branco. Peguei [&hellip;]<\/p>\n","protected":false},"author":1,"featured_media":0,"parent":0,"menu_order":0,"comment_status":"closed","ping_status":"closed","template":"","meta":{"saved_in_kubio":false,"om_disable_all_campaigns":false,"_monsterinsights_skip_tracking":false,"_monsterinsights_sitenote_active":false,"_monsterinsights_sitenote_note":"","_monsterinsights_sitenote_category":0,"_uf_show_specific_survey":0,"_uf_disable_surveys":false,"footnotes":""},"class_list":["post-368","page","type-page","status-publish","hentry"],"aioseo_notices":[],"kubio_ai_page_context":{"short_desc":"","purpose":"general"},"_links":{"self":[{"href":"https:\/\/picciblog.com.br\/index.php\/wp-json\/wp\/v2\/pages\/368","targetHints":{"allow":["GET"]}}],"collection":[{"href":"https:\/\/picciblog.com.br\/index.php\/wp-json\/wp\/v2\/pages"}],"about":[{"href":"https:\/\/picciblog.com.br\/index.php\/wp-json\/wp\/v2\/types\/page"}],"author":[{"embeddable":true,"href":"https:\/\/picciblog.com.br\/index.php\/wp-json\/wp\/v2\/users\/1"}],"replies":[{"embeddable":true,"href":"https:\/\/picciblog.com.br\/index.php\/wp-json\/wp\/v2\/comments?post=368"}],"version-history":[{"count":1,"href":"https:\/\/picciblog.com.br\/index.php\/wp-json\/wp\/v2\/pages\/368\/revisions"}],"predecessor-version":[{"id":369,"href":"https:\/\/picciblog.com.br\/index.php\/wp-json\/wp\/v2\/pages\/368\/revisions\/369"}],"wp:attachment":[{"href":"https:\/\/picciblog.com.br\/index.php\/wp-json\/wp\/v2\/media?parent=368"}],"curies":[{"name":"wp","href":"https:\/\/api.w.org\/{rel}","templated":true}]}}