{"id":395,"date":"2025-06-21T05:11:05","date_gmt":"2025-06-21T08:11:05","guid":{"rendered":"https:\/\/picciblog.com.br\/?page_id=395"},"modified":"2025-06-21T05:11:05","modified_gmt":"2025-06-21T08:11:05","slug":"naquele-tempo-2","status":"publish","type":"page","link":"https:\/\/picciblog.com.br\/index.php\/naquele-tempo-2\/","title":{"rendered":"NAQUELE TEMPO"},"content":{"rendered":"\n<p><\/p>\n\n\n\n<p><\/p>\n\n\n\n<p><\/p>\n\n\n\n<p class=\"has-text-align-center\"><strong>NAQUELE TEMPO<\/strong><\/p>\n\n\n\n<p>Jose Claudio Piccirilo<\/p>\n\n\n\n<p class=\"has-text-align-left\">Nas missas assistidas aos domingos, sempre na homilia, o Padre inicia seu serm\u00e3o \u201cNaquele Tempo\u201d, logicamente ele narra os acontecimentos segundo evang\u00e9licos novo e velho testamentos, extra\u00eddos da b\u00edblia sagrada.<\/p>\n\n\n\n<p class=\"has-text-align-left\">\u201cNaquele Tempo\u201d, a vida com certeza era mais simples, a gente brincava na rua at\u00e9 ao anoitecer, o nosso tempo era medido pelo sol e pela lua com atividades pelo ciclo natural do dia, j\u00e1 crian\u00e7a, depois da escola, &nbsp;na rua que morava de ch\u00e3o batido, caminhando descal\u00e7o sobre o terr\u00e3o, vem imagem de brincadeiras de crian\u00e7a, jogando bolinha de gude com meus amigos de inf\u00e2ncia, buscando a biroca nos estalos de vidro, brincadeiras criadas na hora, com materiais simples e imagina\u00e7\u00e3o, jogos de tacos, cabos de vassouras bolinha de borracha e uma casinha de gravetos, que correria, ainda tinha tempo para uma pelada com os amigos, entrevias um hobby muito dos loucos, ca\u00e7ar aranha caranguejeiras com um barbante e uma bolinha de chicletes colocando no buraco pescando dita cuja, em seguida &nbsp;&nbsp;em um rinque buraco na terra, &nbsp;para brigas entre elas, apostas de crian\u00e7as sua ou minha, aquela que viver \u00e9 a ganhadora, &#8220;Aranha-caranguejeira\u201d \u00e9 o nome dado a cerca de 900 esp\u00e9cies de aranhas que se destacam por seu grande tamanho e por terem o corpo recoberto por v\u00e1rias cerdas. Estas apresentam fun\u00e7\u00e3o sensorial e atuam na defesa, sendo liberadas quando a aranha se sente amea\u00e7ada, algumas inofensivas, a picada delas provoca dor no local pode ocasionar vermelhid\u00e3o, incha\u00e7o coceiras, &nbsp;enfim quanto tempo ainda tinha, tempo para ca\u00e7ar passarinhos com os amigos, estilingues de cabo de jabuticabeiras, &nbsp;borrachas de c\u00e2mera de ar de bicicletas, a noite chegava,&nbsp; a m\u00e3e vinha do trabalho, nessa alturas j\u00e1 com o chinelo na m\u00e3o, j\u00e1 pro banho seu encardido, chinelo primeiro drone conhecido sempre vinha voando, entretanto depois do jantar ainda tinha tempo para as brincadeiras; pega-pega, esconde-esconde, cabra-cega, amarelinha, queimada, j\u00e1 na d\u00e9cada de 60, veio o asfalto na rua, era ocupado pelos carrinhos de rolim\u00e3, constru\u00eddo artesanalmente com peda\u00e7os de madeiras, geralmente com 3 rodinhas, duas atr\u00e1s e uma \u00e1 frente com eixo de controle dos p\u00eas,&nbsp; s\u00f3 esfolia\u00e7\u00e3o pelo corpo, nada como um mertiolate, n\u00e3o resolveria, p\u00f3 como ardia.<\/p>\n\n\n\n<p class=\"has-text-align-left\">\u201d Naquele Tempo \u201c j\u00e1 adolescente lembran\u00e7a que ficou marcada, presta\u00e7\u00e3o de servi\u00e7o militar, &nbsp;na qual desempenha um papel importante na forma\u00e7\u00e3o c\u00edvica dos jovens, ensinando valores como disciplina, responsabilidade e patriotismo, nesse ano desafios como constru\u00e7\u00e3o da Pista de atletismo do Tiro de Guerra, cavoucando valetas com finalidade de drenagem, agua at\u00e9 a canela em um local que havia muitas minas, &nbsp;uma &nbsp;passagem triste com a morte de um atirador, Paulo Viale, finais de semana, lazer, pra\u00e7a Toledo barros aos domingos, cinema Cine Vitoria, &nbsp;paquera &nbsp;nas rodas do jardim, uma no coreto mo\u00e7as jovens e patricinhas, outra na gruta com mo\u00e7as de meia idade, onde a maioria dos jovens conheceriam a namorada ou futuras esposas.<\/p>\n\n\n\n<p class=\"has-text-align-left\">\u201cNaquele Tempo\u201d as pessoas se conheciam e se respeitavam, todos eram pr\u00f3ximos, fam\u00edlias reuniam e compartilhavam hist\u00f3rias, a natureza era respeitada e valorizada, pessoas viviam em harmonia com o meio ambiente sabendo respeitar os recursos naturais.<\/p>\n\n\n\n<p class=\"has-text-align-left\">Embora aquele tempo tenha passado, ainda podemos aprender com as li\u00e7\u00f5es do passado e aplic\u00e1-las no presente. Podemos resgatar a simplicidade, a comunidade e a conex\u00e3o com a natureza que caracterizavam aquele tempo.<\/p>\n\n\n\n<p class=\"has-text-align-left\">E, ao fazer isso, podemos criar um futuro mais harmonioso e mais equilibrado, onde as pessoas possam viver em paz e em harmonia com o mundo&nbsp;ao&nbsp;seu&nbsp;redor. E voc\u00ea, o que me diz do seu \u201cNaquele Tempo\u201d.<\/p>\n\n\n\n<p><\/p>\n","protected":false},"excerpt":{"rendered":"<p>NAQUELE TEMPO Jose Claudio Piccirilo Nas missas assistidas aos domingos, sempre na homilia, o Padre inicia seu serm\u00e3o \u201cNaquele Tempo\u201d, logicamente ele narra os acontecimentos segundo evang\u00e9licos novo e velho testamentos, extra\u00eddos da b\u00edblia sagrada. \u201cNaquele Tempo\u201d, a vida com certeza era mais simples, a gente brincava na rua at\u00e9 ao anoitecer, o nosso tempo [&hellip;]<\/p>\n","protected":false},"author":1,"featured_media":0,"parent":0,"menu_order":0,"comment_status":"closed","ping_status":"closed","template":"","meta":{"saved_in_kubio":false,"om_disable_all_campaigns":false,"_monsterinsights_skip_tracking":false,"_monsterinsights_sitenote_active":false,"_monsterinsights_sitenote_note":"","_monsterinsights_sitenote_category":0,"_uf_show_specific_survey":0,"_uf_disable_surveys":false,"footnotes":""},"class_list":["post-395","page","type-page","status-publish","hentry"],"aioseo_notices":[],"kubio_ai_page_context":{"short_desc":"","purpose":"general"},"_links":{"self":[{"href":"https:\/\/picciblog.com.br\/index.php\/wp-json\/wp\/v2\/pages\/395","targetHints":{"allow":["GET"]}}],"collection":[{"href":"https:\/\/picciblog.com.br\/index.php\/wp-json\/wp\/v2\/pages"}],"about":[{"href":"https:\/\/picciblog.com.br\/index.php\/wp-json\/wp\/v2\/types\/page"}],"author":[{"embeddable":true,"href":"https:\/\/picciblog.com.br\/index.php\/wp-json\/wp\/v2\/users\/1"}],"replies":[{"embeddable":true,"href":"https:\/\/picciblog.com.br\/index.php\/wp-json\/wp\/v2\/comments?post=395"}],"version-history":[{"count":1,"href":"https:\/\/picciblog.com.br\/index.php\/wp-json\/wp\/v2\/pages\/395\/revisions"}],"predecessor-version":[{"id":396,"href":"https:\/\/picciblog.com.br\/index.php\/wp-json\/wp\/v2\/pages\/395\/revisions\/396"}],"wp:attachment":[{"href":"https:\/\/picciblog.com.br\/index.php\/wp-json\/wp\/v2\/media?parent=395"}],"curies":[{"name":"wp","href":"https:\/\/api.w.org\/{rel}","templated":true}]}}